{"id":49,"date":"2023-11-23T16:10:59","date_gmt":"2023-11-23T19:10:59","guid":{"rendered":"https:\/\/telasartedovale.com.br\/fatil\/?page_id=49"},"modified":"2023-11-27T16:08:20","modified_gmt":"2023-11-27T19:08:20","slug":"vidros","status":"publish","type":"page","link":"https:\/\/telasartedovale.com.br\/fatil\/vidros\/","title":{"rendered":"Vidros"},"content":{"rendered":"<p>Atuamos com venda e instala\u00e7\u00e3o de vidros, incluindo:<\/p>\n<div class=\"su-table su-table-alternate\">\n<table>\n<tbody>\n<tr>\n<td>Vidros e esquadrias para janelas<\/td>\n<\/tr>\n<tr>\n<td>Vidros para divis\u00f3rias<\/td>\n<\/tr>\n<tr>\n<td>Vidros para pergolados<\/td>\n<\/tr>\n<tr>\n<td>Telhados de vidro e claraboias<\/td>\n<\/tr>\n<tr>\n<td>Vidros temperado para box<\/td>\n<\/tr>\n<tr>\n<td>Vidros Temperados para constru\u00e7\u00e3o e reforma<\/td>\n<\/tr>\n<\/tbody>\n<\/table>\n<\/div>\n<div class=\"su-image-carousel  su-image-carousel-has-spacing su-image-carousel-crop su-image-carousel-crop-4-3 su-image-carousel-has-lightbox su-image-carousel-has-outline su-image-carousel-adaptive su-image-carousel-slides-style-default su-image-carousel-controls-style-dark su-image-carousel-align-none\" style=\"\" data-flickity-options='{\"groupCells\":true,\"cellSelector\":\".su-image-carousel-item\",\"adaptiveHeight\":false,\"cellAlign\":\"left\",\"prevNextButtons\":true,\"pageDots\":true,\"autoPlay\":5000,\"imagesLoaded\":true,\"contain\":true,\"selectedAttraction\":0.025000000000000001387778780781445675529539585113525390625,\"friction\":0.2800000000000000266453525910037569701671600341796875}' id=\"su_image_carousel_69da7b9d07aed\"><div class=\"su-image-carousel-item\"><div class=\"su-image-carousel-item-content\"><a href=\"https:\/\/telasartedovale.com.br\/fatil\/wp-content\/uploads\/2023\/11\/estrutura36.jpg\" target=\"_blank\" rel=\"noopener noreferrer\" data-caption=\"Cobertura met\u00e1lica e vidros\"><img fetchpriority=\"high\" decoding=\"async\" width=\"680\" height=\"907\" src=\"https:\/\/telasartedovale.com.br\/fatil\/wp-content\/uploads\/2023\/11\/estrutura36-768x1024.jpg\" class=\"\" alt=\"Cobertura met\u00e1lica e vidros\" srcset=\"https:\/\/telasartedovale.com.br\/fatil\/wp-content\/uploads\/2023\/11\/estrutura36-768x1024.jpg 768w, https:\/\/telasartedovale.com.br\/fatil\/wp-content\/uploads\/2023\/11\/estrutura36-225x300.jpg 225w, https:\/\/telasartedovale.com.br\/fatil\/wp-content\/uploads\/2023\/11\/estrutura36-1152x1536.jpg 1152w, https:\/\/telasartedovale.com.br\/fatil\/wp-content\/uploads\/2023\/11\/estrutura36.jpg 1200w\" sizes=\"(max-width: 680px) 100vw, 680px\" \/><\/a><\/div><\/div><div class=\"su-image-carousel-item\"><div class=\"su-image-carousel-item-content\"><a href=\"https:\/\/telasartedovale.com.br\/fatil\/wp-content\/uploads\/2023\/11\/esquadria3b.jpg\" target=\"_blank\" rel=\"noopener noreferrer\" data-caption=\"Esquadrias com vidro\"><img decoding=\"async\" width=\"680\" height=\"907\" src=\"https:\/\/telasartedovale.com.br\/fatil\/wp-content\/uploads\/2023\/11\/esquadria3b-768x1024.jpg\" class=\"\" alt=\"Esquadrias com vidro\" srcset=\"https:\/\/telasartedovale.com.br\/fatil\/wp-content\/uploads\/2023\/11\/esquadria3b-768x1024.jpg 768w, https:\/\/telasartedovale.com.br\/fatil\/wp-content\/uploads\/2023\/11\/esquadria3b-225x300.jpg 225w, https:\/\/telasartedovale.com.br\/fatil\/wp-content\/uploads\/2023\/11\/esquadria3b-1152x1536.jpg 1152w, https:\/\/telasartedovale.com.br\/fatil\/wp-content\/uploads\/2023\/11\/esquadria3b.jpg 1200w\" sizes=\"(max-width: 680px) 100vw, 680px\" \/><\/a><\/div><\/div><div class=\"su-image-carousel-item\"><div class=\"su-image-carousel-item-content\"><a href=\"https:\/\/telasartedovale.com.br\/fatil\/wp-content\/uploads\/2023\/11\/esquadria3-1.jpg\" target=\"_blank\" rel=\"noopener noreferrer\" data-caption=\"Vidros e esquadrias\"><img decoding=\"async\" width=\"680\" height=\"510\" src=\"https:\/\/telasartedovale.com.br\/fatil\/wp-content\/uploads\/2023\/11\/esquadria3-1-1024x768.jpg\" class=\"\" alt=\"Vidros e esquadrias\" srcset=\"https:\/\/telasartedovale.com.br\/fatil\/wp-content\/uploads\/2023\/11\/esquadria3-1-1024x768.jpg 1024w, https:\/\/telasartedovale.com.br\/fatil\/wp-content\/uploads\/2023\/11\/esquadria3-1-300x225.jpg 300w, https:\/\/telasartedovale.com.br\/fatil\/wp-content\/uploads\/2023\/11\/esquadria3-1-768x576.jpg 768w, https:\/\/telasartedovale.com.br\/fatil\/wp-content\/uploads\/2023\/11\/esquadria3-1-1536x1152.jpg 1536w, https:\/\/telasartedovale.com.br\/fatil\/wp-content\/uploads\/2023\/11\/esquadria3-1.jpg 1600w\" sizes=\"(max-width: 680px) 100vw, 680px\" \/><\/a><\/div><\/div><div class=\"su-image-carousel-item\"><div class=\"su-image-carousel-item-content\"><a href=\"https:\/\/telasartedovale.com.br\/fatil\/wp-content\/uploads\/2023\/11\/telas03.png\" target=\"_blank\" rel=\"noopener noreferrer\" data-caption=\"Serralheria e Vidros\"><img loading=\"lazy\" decoding=\"async\" width=\"327\" height=\"327\" src=\"https:\/\/telasartedovale.com.br\/fatil\/wp-content\/uploads\/2023\/11\/telas03.png\" class=\"\" alt=\"Telas Fatil e Telas Arte do Vale Serralheria e f\u00e1brica de Telas em Petr\u00f3polis\" srcset=\"https:\/\/telasartedovale.com.br\/fatil\/wp-content\/uploads\/2023\/11\/telas03.png 327w, https:\/\/telasartedovale.com.br\/fatil\/wp-content\/uploads\/2023\/11\/telas03-300x300.png 300w, https:\/\/telasartedovale.com.br\/fatil\/wp-content\/uploads\/2023\/11\/telas03-150x150.png 150w\" sizes=\"(max-width: 327px) 100vw, 327px\" \/><\/a><\/div><\/div><div class=\"su-image-carousel-item\"><div class=\"su-image-carousel-item-content\"><a href=\"https:\/\/telasartedovale.com.br\/fatil\/wp-content\/uploads\/2023\/11\/estrutura35.jpg\" target=\"_blank\" rel=\"noopener noreferrer\" data-caption=\"Cobertura met\u00e1lica e vidros\"><img loading=\"lazy\" decoding=\"async\" width=\"680\" height=\"907\" src=\"https:\/\/telasartedovale.com.br\/fatil\/wp-content\/uploads\/2023\/11\/estrutura35-768x1024.jpg\" class=\"\" alt=\"Cobertura met\u00e1lica e vidros\" srcset=\"https:\/\/telasartedovale.com.br\/fatil\/wp-content\/uploads\/2023\/11\/estrutura35-768x1024.jpg 768w, https:\/\/telasartedovale.com.br\/fatil\/wp-content\/uploads\/2023\/11\/estrutura35-225x300.jpg 225w, https:\/\/telasartedovale.com.br\/fatil\/wp-content\/uploads\/2023\/11\/estrutura35-1152x1536.jpg 1152w, https:\/\/telasartedovale.com.br\/fatil\/wp-content\/uploads\/2023\/11\/estrutura35.jpg 1200w\" sizes=\"(max-width: 680px) 100vw, 680px\" \/><\/a><\/div><\/div><div class=\"su-image-carousel-item\"><div class=\"su-image-carousel-item-content\"><a href=\"https:\/\/telasartedovale.com.br\/fatil\/wp-content\/uploads\/2023\/11\/esquadria5b.jpg\" target=\"_blank\" rel=\"noopener noreferrer\" data-caption=\"Esquadrias com vidro\"><img loading=\"lazy\" decoding=\"async\" width=\"680\" height=\"907\" src=\"https:\/\/telasartedovale.com.br\/fatil\/wp-content\/uploads\/2023\/11\/esquadria5b-768x1024.jpg\" class=\"\" alt=\"Esquadrias com vidro\" srcset=\"https:\/\/telasartedovale.com.br\/fatil\/wp-content\/uploads\/2023\/11\/esquadria5b-768x1024.jpg 768w, https:\/\/telasartedovale.com.br\/fatil\/wp-content\/uploads\/2023\/11\/esquadria5b-225x300.jpg 225w, https:\/\/telasartedovale.com.br\/fatil\/wp-content\/uploads\/2023\/11\/esquadria5b-1152x1536.jpg 1152w, https:\/\/telasartedovale.com.br\/fatil\/wp-content\/uploads\/2023\/11\/esquadria5b.jpg 1200w\" sizes=\"(max-width: 680px) 100vw, 680px\" \/><\/a><\/div><\/div><div class=\"su-image-carousel-item\"><div class=\"su-image-carousel-item-content\"><a href=\"https:\/\/telasartedovale.com.br\/fatil\/wp-content\/uploads\/2023\/11\/esquadria5a.jpg\" target=\"_blank\" rel=\"noopener noreferrer\" data-caption=\"Esquadrias com vidro\"><img loading=\"lazy\" decoding=\"async\" width=\"680\" height=\"907\" src=\"https:\/\/telasartedovale.com.br\/fatil\/wp-content\/uploads\/2023\/11\/esquadria5a-768x1024.jpg\" class=\"\" alt=\"Esquadrias com vidro\" srcset=\"https:\/\/telasartedovale.com.br\/fatil\/wp-content\/uploads\/2023\/11\/esquadria5a-768x1024.jpg 768w, https:\/\/telasartedovale.com.br\/fatil\/wp-content\/uploads\/2023\/11\/esquadria5a-225x300.jpg 225w, https:\/\/telasartedovale.com.br\/fatil\/wp-content\/uploads\/2023\/11\/esquadria5a-1152x1536.jpg 1152w, https:\/\/telasartedovale.com.br\/fatil\/wp-content\/uploads\/2023\/11\/esquadria5a.jpg 1200w\" sizes=\"(max-width: 680px) 100vw, 680px\" \/><\/a><\/div><\/div><div class=\"su-image-carousel-item\"><div class=\"su-image-carousel-item-content\"><a href=\"https:\/\/telasartedovale.com.br\/fatil\/wp-content\/uploads\/2023\/11\/esquadria1.jpg\" target=\"_blank\" rel=\"noopener noreferrer\" data-caption=\"Esquadrias com vidro\"><img loading=\"lazy\" decoding=\"async\" width=\"680\" height=\"907\" src=\"https:\/\/telasartedovale.com.br\/fatil\/wp-content\/uploads\/2023\/11\/esquadria1-768x1024.jpg\" class=\"\" alt=\"Esquadrias com vidro\" srcset=\"https:\/\/telasartedovale.com.br\/fatil\/wp-content\/uploads\/2023\/11\/esquadria1-768x1024.jpg 768w, https:\/\/telasartedovale.com.br\/fatil\/wp-content\/uploads\/2023\/11\/esquadria1-225x300.jpg 225w, https:\/\/telasartedovale.com.br\/fatil\/wp-content\/uploads\/2023\/11\/esquadria1.jpg 960w\" sizes=\"(max-width: 680px) 100vw, 680px\" \/><\/a><\/div><\/div><div class=\"su-image-carousel-item\"><div class=\"su-image-carousel-item-content\"><a href=\"https:\/\/telasartedovale.com.br\/fatil\/wp-content\/uploads\/2023\/11\/cabana30d.jpg\" target=\"_blank\" rel=\"noopener noreferrer\" data-caption=\"Constru\u00e7\u00e3o de Cabanas\"><img loading=\"lazy\" decoding=\"async\" width=\"576\" height=\"1024\" src=\"https:\/\/telasartedovale.com.br\/fatil\/wp-content\/uploads\/2023\/11\/cabana30d-576x1024.jpg\" class=\"\" alt=\"Constru\u00e7\u00e3o de Cabanas\" srcset=\"https:\/\/telasartedovale.com.br\/fatil\/wp-content\/uploads\/2023\/11\/cabana30d-576x1024.jpg 576w, https:\/\/telasartedovale.com.br\/fatil\/wp-content\/uploads\/2023\/11\/cabana30d-169x300.jpg 169w, https:\/\/telasartedovale.com.br\/fatil\/wp-content\/uploads\/2023\/11\/cabana30d.jpg 720w\" sizes=\"(max-width: 576px) 100vw, 576px\" \/><\/a><\/div><\/div><div class=\"su-image-carousel-item\"><div class=\"su-image-carousel-item-content\"><a href=\"https:\/\/telasartedovale.com.br\/fatil\/wp-content\/uploads\/2023\/11\/esquadria11.jpg\" target=\"_blank\" rel=\"noopener noreferrer\" data-caption=\"Esquadria e revestimento\"><img loading=\"lazy\" decoding=\"async\" width=\"680\" height=\"907\" src=\"https:\/\/telasartedovale.com.br\/fatil\/wp-content\/uploads\/2023\/11\/esquadria11-768x1024.jpg\" class=\"\" alt=\"Esquadria e revestimento\" srcset=\"https:\/\/telasartedovale.com.br\/fatil\/wp-content\/uploads\/2023\/11\/esquadria11-768x1024.jpg 768w, https:\/\/telasartedovale.com.br\/fatil\/wp-content\/uploads\/2023\/11\/esquadria11-225x300.jpg 225w, https:\/\/telasartedovale.com.br\/fatil\/wp-content\/uploads\/2023\/11\/esquadria11-1152x1536.jpg 1152w, https:\/\/telasartedovale.com.br\/fatil\/wp-content\/uploads\/2023\/11\/esquadria11.jpg 1200w\" sizes=\"(max-width: 680px) 100vw, 680px\" \/><\/a><\/div><\/div><\/div><script id=\"su_image_carousel_69da7b9d07aed_script\">if(window.SUImageCarousel){setTimeout(function() {window.SUImageCarousel.initGallery(document.getElementById(\"su_image_carousel_69da7b9d07aed\"))}, 0);}var su_image_carousel_69da7b9d07aed_script=document.getElementById(\"su_image_carousel_69da7b9d07aed_script\");if(su_image_carousel_69da7b9d07aed_script){su_image_carousel_69da7b9d07aed_script.parentNode.removeChild(su_image_carousel_69da7b9d07aed_script);}<\/script>\n<a href=\"https:\/\/telasartedovale.com.br\/fatil\/contato\/\" class=\"su-button su-button-style-default\" style=\"color:#FFFFFF;background-color:#72B13C;border-color:#5c8e30;border-radius:5px\" target=\"_self\"><span style=\"color:#FFFFFF;padding:6px 16px;font-size:13px;line-height:20px;border-color:#9dc977;border-radius:5px;text-shadow:none\"><i class=\"sui sui-phone-square\" style=\"font-size:13px;color:#FFFFFF\"><\/i> Contato<\/span><\/a> <a href=\"https:\/\/www.youtube.com\/@TelasFatil-TelasArtedoVale\" class=\"su-button su-button-style-default\" style=\"color:#FFFFFF;background-color:#72B13C;border-color:#5c8e30;border-radius:5px\" target=\"__blank\"><span style=\"color:#FFFFFF;padding:6px 16px;font-size:13px;line-height:20px;border-color:#9dc977;border-radius:5px;text-shadow:none\"><i class=\"sui sui-phone-square\" style=\"font-size:13px;color:#FFFFFF\"><\/i> V\u00eddeos<\/span><\/a> <a href=\"https:\/\/www.instagram.com\/telasartedovale\/\" class=\"su-button su-button-style-default\" style=\"color:#FFFFFF;background-color:#72B13C;border-color:#5c8e30;border-radius:5px\" target=\"_self\"><span style=\"color:#FFFFFF;padding:6px 16px;font-size:13px;line-height:20px;border-color:#9dc977;border-radius:5px;text-shadow:none\"><i class=\"sui sui-phone-square\" style=\"font-size:13px;color:#FFFFFF\"><\/i> Instagram<\/span><\/a>\n","protected":false},"excerpt":{"rendered":"<p>Atuamos com venda e instala\u00e7\u00e3o de vidros, incluindo:<\/p>\n","protected":false},"author":1,"featured_media":0,"parent":0,"menu_order":0,"comment_status":"closed","ping_status":"closed","template":"","meta":{"footnotes":""},"class_list":["post-49","page","type-page","status-publish","hentry"],"yoast_head":"<!-- This site is optimized with the Yoast SEO plugin v26.7 - https:\/\/yoast.com\/wordpress\/plugins\/seo\/ -->\n<title>Vidros - F\u00e1brica de Telas em Petr\u00f3polis FATIL - ARTE DO VALE<\/title>\n<meta name=\"robots\" content=\"index, follow, max-snippet:-1, max-image-preview:large, max-video-preview:-1\" \/>\n<link rel=\"canonical\" href=\"https:\/\/telasartedovale.com.br\/fatil\/vidros\/\" \/>\n<meta property=\"og:locale\" content=\"pt_BR\" \/>\n<meta property=\"og:type\" content=\"article\" \/>\n<meta property=\"og:title\" content=\"Vidros - F\u00e1brica de Telas em Petr\u00f3polis FATIL - ARTE DO VALE\" \/>\n<meta property=\"og:description\" content=\"Atuamos com venda e instala\u00e7\u00e3o de vidros, incluindo:\" \/>\n<meta property=\"og:url\" content=\"https:\/\/telasartedovale.com.br\/fatil\/vidros\/\" \/>\n<meta property=\"og:site_name\" content=\"F\u00e1brica de Telas em Petr\u00f3polis FATIL - ARTE DO VALE\" \/>\n<meta property=\"article:modified_time\" content=\"2023-11-27T19:08:20+00:00\" \/>\n<meta name=\"twitter:card\" content=\"summary_large_image\" \/>\n<meta name=\"twitter:label1\" content=\"Est. tempo de leitura\" \/>\n\t<meta name=\"twitter:data1\" content=\"1 minuto\" \/>\n<script type=\"application\/ld+json\" class=\"yoast-schema-graph\">{\"@context\":\"https:\/\/schema.org\",\"@graph\":[{\"@type\":\"WebPage\",\"@id\":\"https:\/\/telasartedovale.com.br\/fatil\/vidros\/\",\"url\":\"https:\/\/telasartedovale.com.br\/fatil\/vidros\/\",\"name\":\"Vidros - F\u00e1brica de Telas em Petr\u00f3polis FATIL - ARTE DO VALE\",\"isPartOf\":{\"@id\":\"https:\/\/telasartedovale.com.br\/fatil\/#website\"},\"datePublished\":\"2023-11-23T19:10:59+00:00\",\"dateModified\":\"2023-11-27T19:08:20+00:00\",\"breadcrumb\":{\"@id\":\"https:\/\/telasartedovale.com.br\/fatil\/vidros\/#breadcrumb\"},\"inLanguage\":\"pt-BR\",\"potentialAction\":[{\"@type\":\"ReadAction\",\"target\":[\"https:\/\/telasartedovale.com.br\/fatil\/vidros\/\"]}]},{\"@type\":\"BreadcrumbList\",\"@id\":\"https:\/\/telasartedovale.com.br\/fatil\/vidros\/#breadcrumb\",\"itemListElement\":[{\"@type\":\"ListItem\",\"position\":1,\"name\":\"In\u00edcio\",\"item\":\"https:\/\/telasartedovale.com.br\/fatil\/\"},{\"@type\":\"ListItem\",\"position\":2,\"name\":\"Vidros\"}]},{\"@type\":\"WebSite\",\"@id\":\"https:\/\/telasartedovale.com.br\/fatil\/#website\",\"url\":\"https:\/\/telasartedovale.com.br\/fatil\/\",\"name\":\"F\u00e1brica de Telas em Petr\u00f3polis FATIL - ARTE DO VALE\",\"description\":\"F\u00e1brica de Telas e Serralheria sob medida\",\"publisher\":{\"@id\":\"https:\/\/telasartedovale.com.br\/fatil\/#organization\"},\"potentialAction\":[{\"@type\":\"SearchAction\",\"target\":{\"@type\":\"EntryPoint\",\"urlTemplate\":\"https:\/\/telasartedovale.com.br\/fatil\/?s={search_term_string}\"},\"query-input\":{\"@type\":\"PropertyValueSpecification\",\"valueRequired\":true,\"valueName\":\"search_term_string\"}}],\"inLanguage\":\"pt-BR\"},{\"@type\":\"Organization\",\"@id\":\"https:\/\/telasartedovale.com.br\/fatil\/#organization\",\"name\":\"F\u00e1brica de Telas em Petr\u00f3polis FATIL - ARTE DO VALE\",\"url\":\"https:\/\/telasartedovale.com.br\/fatil\/\",\"logo\":{\"@type\":\"ImageObject\",\"inLanguage\":\"pt-BR\",\"@id\":\"https:\/\/telasartedovale.com.br\/fatil\/#\/schema\/logo\/image\/\",\"url\":\"https:\/\/telasartedovale.com.br\/fatil\/wp-content\/uploads\/2023\/11\/black_site_quadrado.png\",\"contentUrl\":\"https:\/\/telasartedovale.com.br\/fatil\/wp-content\/uploads\/2023\/11\/black_site_quadrado.png\",\"width\":311,\"height\":309,\"caption\":\"F\u00e1brica de Telas em Petr\u00f3polis FATIL - ARTE DO VALE\"},\"image\":{\"@id\":\"https:\/\/telasartedovale.com.br\/fatil\/#\/schema\/logo\/image\/\"}}]}<\/script>\n<!-- \/ Yoast SEO plugin. -->","yoast_head_json":{"title":"Vidros - F\u00e1brica de Telas em Petr\u00f3polis FATIL - ARTE DO VALE","robots":{"index":"index","follow":"follow","max-snippet":"max-snippet:-1","max-image-preview":"max-image-preview:large","max-video-preview":"max-video-preview:-1"},"canonical":"https:\/\/telasartedovale.com.br\/fatil\/vidros\/","og_locale":"pt_BR","og_type":"article","og_title":"Vidros - F\u00e1brica de Telas em Petr\u00f3polis FATIL - ARTE DO VALE","og_description":"Atuamos com venda e instala\u00e7\u00e3o de vidros, incluindo:","og_url":"https:\/\/telasartedovale.com.br\/fatil\/vidros\/","og_site_name":"F\u00e1brica de Telas em Petr\u00f3polis FATIL - ARTE DO VALE","article_modified_time":"2023-11-27T19:08:20+00:00","twitter_card":"summary_large_image","twitter_misc":{"Est. tempo de leitura":"1 minuto"},"schema":{"@context":"https:\/\/schema.org","@graph":[{"@type":"WebPage","@id":"https:\/\/telasartedovale.com.br\/fatil\/vidros\/","url":"https:\/\/telasartedovale.com.br\/fatil\/vidros\/","name":"Vidros - F\u00e1brica de Telas em Petr\u00f3polis FATIL - ARTE DO VALE","isPartOf":{"@id":"https:\/\/telasartedovale.com.br\/fatil\/#website"},"datePublished":"2023-11-23T19:10:59+00:00","dateModified":"2023-11-27T19:08:20+00:00","breadcrumb":{"@id":"https:\/\/telasartedovale.com.br\/fatil\/vidros\/#breadcrumb"},"inLanguage":"pt-BR","potentialAction":[{"@type":"ReadAction","target":["https:\/\/telasartedovale.com.br\/fatil\/vidros\/"]}]},{"@type":"BreadcrumbList","@id":"https:\/\/telasartedovale.com.br\/fatil\/vidros\/#breadcrumb","itemListElement":[{"@type":"ListItem","position":1,"name":"In\u00edcio","item":"https:\/\/telasartedovale.com.br\/fatil\/"},{"@type":"ListItem","position":2,"name":"Vidros"}]},{"@type":"WebSite","@id":"https:\/\/telasartedovale.com.br\/fatil\/#website","url":"https:\/\/telasartedovale.com.br\/fatil\/","name":"F\u00e1brica de Telas em Petr\u00f3polis FATIL - ARTE DO VALE","description":"F\u00e1brica de Telas e Serralheria sob medida","publisher":{"@id":"https:\/\/telasartedovale.com.br\/fatil\/#organization"},"potentialAction":[{"@type":"SearchAction","target":{"@type":"EntryPoint","urlTemplate":"https:\/\/telasartedovale.com.br\/fatil\/?s={search_term_string}"},"query-input":{"@type":"PropertyValueSpecification","valueRequired":true,"valueName":"search_term_string"}}],"inLanguage":"pt-BR"},{"@type":"Organization","@id":"https:\/\/telasartedovale.com.br\/fatil\/#organization","name":"F\u00e1brica de Telas em Petr\u00f3polis FATIL - ARTE DO VALE","url":"https:\/\/telasartedovale.com.br\/fatil\/","logo":{"@type":"ImageObject","inLanguage":"pt-BR","@id":"https:\/\/telasartedovale.com.br\/fatil\/#\/schema\/logo\/image\/","url":"https:\/\/telasartedovale.com.br\/fatil\/wp-content\/uploads\/2023\/11\/black_site_quadrado.png","contentUrl":"https:\/\/telasartedovale.com.br\/fatil\/wp-content\/uploads\/2023\/11\/black_site_quadrado.png","width":311,"height":309,"caption":"F\u00e1brica de Telas em Petr\u00f3polis FATIL - ARTE DO VALE"},"image":{"@id":"https:\/\/telasartedovale.com.br\/fatil\/#\/schema\/logo\/image\/"}}]}},"_links":{"self":[{"href":"https:\/\/telasartedovale.com.br\/fatil\/wp-json\/wp\/v2\/pages\/49","targetHints":{"allow":["GET"]}}],"collection":[{"href":"https:\/\/telasartedovale.com.br\/fatil\/wp-json\/wp\/v2\/pages"}],"about":[{"href":"https:\/\/telasartedovale.com.br\/fatil\/wp-json\/wp\/v2\/types\/page"}],"author":[{"embeddable":true,"href":"https:\/\/telasartedovale.com.br\/fatil\/wp-json\/wp\/v2\/users\/1"}],"replies":[{"embeddable":true,"href":"https:\/\/telasartedovale.com.br\/fatil\/wp-json\/wp\/v2\/comments?post=49"}],"version-history":[{"count":13,"href":"https:\/\/telasartedovale.com.br\/fatil\/wp-json\/wp\/v2\/pages\/49\/revisions"}],"predecessor-version":[{"id":982,"href":"https:\/\/telasartedovale.com.br\/fatil\/wp-json\/wp\/v2\/pages\/49\/revisions\/982"}],"wp:attachment":[{"href":"https:\/\/telasartedovale.com.br\/fatil\/wp-json\/wp\/v2\/media?parent=49"}],"curies":[{"name":"wp","href":"https:\/\/api.w.org\/{rel}","templated":true}]}}