{"id":74,"date":"2023-11-23T16:15:37","date_gmt":"2023-11-23T19:15:37","guid":{"rendered":"https:\/\/telasartedovale.com.br\/fatil\/?page_id=74"},"modified":"2023-11-27T16:04:15","modified_gmt":"2023-11-27T19:04:15","slug":"sobre-nos","status":"publish","type":"page","link":"https:\/\/telasartedovale.com.br\/fatil\/sobre-nos\/","title":{"rendered":"Sobre N\u00f3s"},"content":{"rendered":"<p>Atuando desde 1985, a <strong>Fatil<\/strong> &#8211; hoje <strong>Telas Arte do Vale<\/strong> &#8211; construiu uma trajet\u00f3ria de sucesso.<\/p>\n<p>Hoje, em ampla e moderna sede em Itaipava, onde re\u00fane parque fabril e showroom, a empresa tamb\u00e9m evoluiu no seu portf\u00f3lio, adicionando ao portfolio tradicional de fabrica\u00e7\u00e3o de telas, setor de serralheria sob medida, especializado em <a href=\"https:\/\/telasartedovale.com.br\/fatil\/estruturas-metalicas\/\">estruturas met\u00e1licas para galp\u00f5es<\/a>, <a href=\"https:\/\/telasartedovale.com.br\/fatil\/estruturas-metalicas\/\">decks<\/a>, <a href=\"https:\/\/telasartedovale.com.br\/fatil\/estruturas-metalicas\/\">pergolados<\/a> e <a href=\"https:\/\/telasartedovale.com.br\/fatil\/estruturas-metalicas\/\">cabanas<\/a>: a empresa fornece e instala, assegurando a qualidade do inicio ao fim!<\/p>\n<p>A f\u00e1brica de telas Fatil &#8211; Arte do Vale al\u00e9m de atendimento personalizado \u00e9 reconhecida entrem arquitetos e construtores, por fornecer produtos sob medida e com os menores pre\u00e7os e melhores condi\u00e7\u00f5es, indo alem de mero fornecedores, mas estabelecendo s\u00f3lidas parcerias com clientes antigos &#8211; e novos!<\/p>\n<p>Atender cada qual em sua necessidade com o nosso of\u00edcio \u00e9 motivo que nos orgulha, atuarmos como agente de crescimento e prosperidade em nossa comunidade, \u00e9 o que nos diferencia!<\/p>\n<p>Conte com a Telas Fatil &#8211; Arte do Vale para fazer seu cercamento ou estruturar sua constru\u00e7\u00e3o.<br \/>\n<a href=\"https:\/\/telasartedovale.com.br\/fatil\/telas-cercamento\/\">Telas<\/a>, <a href=\"https:\/\/telasartedovale.com.br\/fatil\/serralheria-sob-medida\/\">Serralheria<\/a>, <a href=\"https:\/\/telasartedovale.com.br\/fatil\/estruturas-metalicas\/\">estrutura met\u00e1lica<\/a>, <a href=\"https:\/\/telasartedovale.com.br\/fatil\/outros-produtos\/\">calhas<\/a>, <a href=\"https:\/\/telasartedovale.com.br\/fatil\/outros-produtos\/\">coifas<\/a>, <a href=\"https:\/\/telasartedovale.com.br\/fatil\/vidros\/\">vidros e esquadrias <\/a>e <a href=\"https:\/\/telasartedovale.com.br\/fatil\/moveis-ferro-e-madeira\/\">m\u00f3veis sob medida<\/a>, dentre <a href=\"https:\/\/telasartedovale.com.br\/fatil\/outros-produtos\/\">outras aplica\u00e7\u00f5es<\/a>.<\/p>\n<p><strong>Qualidade, comprometimento e p\u00f3s venda sem concorr\u00eancia.<\/strong><\/p>\n<div class=\"su-image-carousel  su-image-carousel-has-spacing su-image-carousel-crop su-image-carousel-crop-4-3 su-image-carousel-has-lightbox su-image-carousel-has-outline su-image-carousel-adaptive su-image-carousel-slides-style-default su-image-carousel-controls-style-dark su-image-carousel-align-none\" style=\"\" data-flickity-options='{\"groupCells\":true,\"cellSelector\":\".su-image-carousel-item\",\"adaptiveHeight\":false,\"cellAlign\":\"left\",\"prevNextButtons\":true,\"pageDots\":true,\"autoPlay\":5000,\"imagesLoaded\":true,\"contain\":true,\"selectedAttraction\":0.025000000000000001387778780781445675529539585113525390625,\"friction\":0.2800000000000000266453525910037569701671600341796875}' id=\"su_image_carousel_69da64ae21b84\"><div class=\"su-image-carousel-item\"><div class=\"su-image-carousel-item-content\"><a href=\"https:\/\/telasartedovale.com.br\/fatil\/wp-content\/uploads\/2023\/11\/empresa6.jpg\" target=\"_blank\" rel=\"noopener noreferrer\" data-caption=\"Setor Serralheria\"><img fetchpriority=\"high\" decoding=\"async\" width=\"680\" height=\"907\" src=\"https:\/\/telasartedovale.com.br\/fatil\/wp-content\/uploads\/2023\/11\/empresa6-768x1024.jpg\" class=\"\" alt=\"Setor Serralheria\" srcset=\"https:\/\/telasartedovale.com.br\/fatil\/wp-content\/uploads\/2023\/11\/empresa6-768x1024.jpg 768w, https:\/\/telasartedovale.com.br\/fatil\/wp-content\/uploads\/2023\/11\/empresa6-225x300.jpg 225w, https:\/\/telasartedovale.com.br\/fatil\/wp-content\/uploads\/2023\/11\/empresa6-1152x1536.jpg 1152w, https:\/\/telasartedovale.com.br\/fatil\/wp-content\/uploads\/2023\/11\/empresa6.jpg 1200w\" sizes=\"(max-width: 680px) 100vw, 680px\" \/><\/a><\/div><\/div><div class=\"su-image-carousel-item\"><div class=\"su-image-carousel-item-content\"><a href=\"https:\/\/telasartedovale.com.br\/fatil\/wp-content\/uploads\/2023\/11\/empresa01.jpg\" target=\"_blank\" rel=\"noopener noreferrer\" data-caption=\"Setor SeSerralheriarrralheria\"><img decoding=\"async\" width=\"680\" height=\"907\" src=\"https:\/\/telasartedovale.com.br\/fatil\/wp-content\/uploads\/2023\/11\/empresa01-768x1024.jpg\" class=\"\" alt=\"Setor Serrralheria\" srcset=\"https:\/\/telasartedovale.com.br\/fatil\/wp-content\/uploads\/2023\/11\/empresa01-768x1024.jpg 768w, https:\/\/telasartedovale.com.br\/fatil\/wp-content\/uploads\/2023\/11\/empresa01-225x300.jpg 225w, https:\/\/telasartedovale.com.br\/fatil\/wp-content\/uploads\/2023\/11\/empresa01-1152x1536.jpg 1152w, https:\/\/telasartedovale.com.br\/fatil\/wp-content\/uploads\/2023\/11\/empresa01.jpg 1200w\" sizes=\"(max-width: 680px) 100vw, 680px\" \/><\/a><\/div><\/div><div class=\"su-image-carousel-item\"><div class=\"su-image-carousel-item-content\"><a href=\"https:\/\/telasartedovale.com.br\/fatil\/wp-content\/uploads\/2023\/11\/empresa_estrutura34.jpg\" target=\"_blank\" rel=\"noopener noreferrer\" data-caption=\"Setor SSerralheriaerrralheria\"><img decoding=\"async\" width=\"680\" height=\"907\" src=\"https:\/\/telasartedovale.com.br\/fatil\/wp-content\/uploads\/2023\/11\/empresa_estrutura34-768x1024.jpg\" class=\"\" alt=\"Setor Serrralheria\" srcset=\"https:\/\/telasartedovale.com.br\/fatil\/wp-content\/uploads\/2023\/11\/empresa_estrutura34-768x1024.jpg 768w, https:\/\/telasartedovale.com.br\/fatil\/wp-content\/uploads\/2023\/11\/empresa_estrutura34-225x300.jpg 225w, https:\/\/telasartedovale.com.br\/fatil\/wp-content\/uploads\/2023\/11\/empresa_estrutura34-1152x1536.jpg 1152w, https:\/\/telasartedovale.com.br\/fatil\/wp-content\/uploads\/2023\/11\/empresa_estrutura34.jpg 1200w\" sizes=\"(max-width: 680px) 100vw, 680px\" \/><\/a><\/div><\/div><\/div><script id=\"su_image_carousel_69da64ae21b84_script\">if(window.SUImageCarousel){setTimeout(function() {window.SUImageCarousel.initGallery(document.getElementById(\"su_image_carousel_69da64ae21b84\"))}, 0);}var su_image_carousel_69da64ae21b84_script=document.getElementById(\"su_image_carousel_69da64ae21b84_script\");if(su_image_carousel_69da64ae21b84_script){su_image_carousel_69da64ae21b84_script.parentNode.removeChild(su_image_carousel_69da64ae21b84_script);}<\/script>\n<p><iframe style=\"border: 0;\" src=\"https:\/\/www.google.com\/maps\/embed?pb=!1m14!1m8!1m3!1d3688.89982180384!2d-43.1286257!3d-22.3951337!3m2!1i1024!2i768!4f13.1!3m3!1m2!1s0x99ab3cd8acd40b%3A0xe3bba86c268bbf6b!2sFatil%20F%C3%A1brica%20de%20Tela%20Itaipava!5e0!3m2!1spt-BR!2sbr!4v1701103890460!5m2!1spt-BR!2sbr\" width=\"800\" height=\"600\" allowfullscreen=\"allowfullscreen\"><span data-mce-type=\"bookmark\" style=\"display: inline-block; width: 0px; overflow: hidden; line-height: 0;\" class=\"mce_SELRES_start\">\ufeff<\/span><\/iframe><\/p>\n<p><a href=\"https:\/\/wa.me\/\/552499918-9250?text=Estou%20no%20site%20Fatil-Arte do vale%20e%20tenho%20interesse%20em%20or\u00e7amento%20Pode%20ajudar?\" target=\"_blank\" rel=\"noopener\"><img loading=\"lazy\" decoding=\"async\" class=\"alignnone wp-image-976 size-full\" src=\"https:\/\/telasartedovale.com.br\/fatil\/wp-content\/uploads\/2023\/11\/Navy-Minimalist-Property-Agent-Business-Card-e1701111813948.png\" alt=\"Fatil Arte do Vale\" width=\"960\" height=\"564\" \/><\/a><\/p>\n<p>&nbsp;<\/p>\n","protected":false},"excerpt":{"rendered":"<p>Atuando desde 1985, a Fatil &#8211; hoje Telas Arte do Vale &#8211; construiu uma trajet\u00f3ria de sucesso. Hoje, em ampla e moderna sede em Itaipava, onde re\u00fane parque fabril e showroom, a empresa tamb\u00e9m evoluiu no seu portf\u00f3lio, adicionando ao portfolio tradicional de fabrica\u00e7\u00e3o de telas, setor de serralheria sob medida, especializado em estruturas met\u00e1licas [&hellip;]<\/p>\n","protected":false},"author":1,"featured_media":0,"parent":0,"menu_order":0,"comment_status":"closed","ping_status":"closed","template":"","meta":{"footnotes":""},"class_list":["post-74","page","type-page","status-publish","hentry"],"yoast_head":"<!-- This site is optimized with the Yoast SEO plugin v26.7 - https:\/\/yoast.com\/wordpress\/plugins\/seo\/ -->\n<title>Sobre N\u00f3s - F\u00e1brica de Telas em Petr\u00f3polis FATIL - ARTE DO VALE<\/title>\n<meta name=\"robots\" content=\"index, follow, max-snippet:-1, max-image-preview:large, max-video-preview:-1\" \/>\n<link rel=\"canonical\" href=\"https:\/\/telasartedovale.com.br\/fatil\/sobre-nos\/\" \/>\n<meta property=\"og:locale\" content=\"pt_BR\" \/>\n<meta property=\"og:type\" content=\"article\" \/>\n<meta property=\"og:title\" content=\"Sobre N\u00f3s - F\u00e1brica de Telas em Petr\u00f3polis FATIL - ARTE DO VALE\" \/>\n<meta property=\"og:description\" content=\"Atuando desde 1985, a Fatil &#8211; hoje Telas Arte do Vale &#8211; construiu uma trajet\u00f3ria de sucesso. Hoje, em ampla e moderna sede em Itaipava, onde re\u00fane parque fabril e showroom, a empresa tamb\u00e9m evoluiu no seu portf\u00f3lio, adicionando ao portfolio tradicional de fabrica\u00e7\u00e3o de telas, setor de serralheria sob medida, especializado em estruturas met\u00e1licas [&hellip;]\" \/>\n<meta property=\"og:url\" content=\"https:\/\/telasartedovale.com.br\/fatil\/sobre-nos\/\" \/>\n<meta property=\"og:site_name\" content=\"F\u00e1brica de Telas em Petr\u00f3polis FATIL - ARTE DO VALE\" \/>\n<meta property=\"article:modified_time\" content=\"2023-11-27T19:04:15+00:00\" \/>\n<meta property=\"og:image\" content=\"https:\/\/telasartedovale.com.br\/fatil\/wp-content\/uploads\/2023\/11\/Navy-Minimalist-Property-Agent-Business-Card-e1701111813948.png\" \/>\n<meta name=\"twitter:card\" content=\"summary_large_image\" \/>\n<meta name=\"twitter:label1\" content=\"Est. tempo de leitura\" \/>\n\t<meta name=\"twitter:data1\" content=\"2 minutos\" \/>\n<script type=\"application\/ld+json\" class=\"yoast-schema-graph\">{\"@context\":\"https:\/\/schema.org\",\"@graph\":[{\"@type\":\"WebPage\",\"@id\":\"https:\/\/telasartedovale.com.br\/fatil\/sobre-nos\/\",\"url\":\"https:\/\/telasartedovale.com.br\/fatil\/sobre-nos\/\",\"name\":\"Sobre N\u00f3s - F\u00e1brica de Telas em Petr\u00f3polis FATIL - ARTE DO VALE\",\"isPartOf\":{\"@id\":\"https:\/\/telasartedovale.com.br\/fatil\/#website\"},\"primaryImageOfPage\":{\"@id\":\"https:\/\/telasartedovale.com.br\/fatil\/sobre-nos\/#primaryimage\"},\"image\":{\"@id\":\"https:\/\/telasartedovale.com.br\/fatil\/sobre-nos\/#primaryimage\"},\"thumbnailUrl\":\"https:\/\/telasartedovale.com.br\/fatil\/wp-content\/uploads\/2023\/11\/Navy-Minimalist-Property-Agent-Business-Card-e1701111813948.png\",\"datePublished\":\"2023-11-23T19:15:37+00:00\",\"dateModified\":\"2023-11-27T19:04:15+00:00\",\"breadcrumb\":{\"@id\":\"https:\/\/telasartedovale.com.br\/fatil\/sobre-nos\/#breadcrumb\"},\"inLanguage\":\"pt-BR\",\"potentialAction\":[{\"@type\":\"ReadAction\",\"target\":[\"https:\/\/telasartedovale.com.br\/fatil\/sobre-nos\/\"]}]},{\"@type\":\"ImageObject\",\"inLanguage\":\"pt-BR\",\"@id\":\"https:\/\/telasartedovale.com.br\/fatil\/sobre-nos\/#primaryimage\",\"url\":\"https:\/\/telasartedovale.com.br\/fatil\/wp-content\/uploads\/2023\/11\/Navy-Minimalist-Property-Agent-Business-Card-e1701111813948.png\",\"contentUrl\":\"https:\/\/telasartedovale.com.br\/fatil\/wp-content\/uploads\/2023\/11\/Navy-Minimalist-Property-Agent-Business-Card-e1701111813948.png\",\"width\":960,\"height\":564,\"caption\":\"Fatil Arte do Vale\"},{\"@type\":\"BreadcrumbList\",\"@id\":\"https:\/\/telasartedovale.com.br\/fatil\/sobre-nos\/#breadcrumb\",\"itemListElement\":[{\"@type\":\"ListItem\",\"position\":1,\"name\":\"In\u00edcio\",\"item\":\"https:\/\/telasartedovale.com.br\/fatil\/\"},{\"@type\":\"ListItem\",\"position\":2,\"name\":\"Sobre N\u00f3s\"}]},{\"@type\":\"WebSite\",\"@id\":\"https:\/\/telasartedovale.com.br\/fatil\/#website\",\"url\":\"https:\/\/telasartedovale.com.br\/fatil\/\",\"name\":\"F\u00e1brica de Telas em Petr\u00f3polis FATIL - ARTE DO VALE\",\"description\":\"F\u00e1brica de Telas e Serralheria sob medida\",\"publisher\":{\"@id\":\"https:\/\/telasartedovale.com.br\/fatil\/#organization\"},\"potentialAction\":[{\"@type\":\"SearchAction\",\"target\":{\"@type\":\"EntryPoint\",\"urlTemplate\":\"https:\/\/telasartedovale.com.br\/fatil\/?s={search_term_string}\"},\"query-input\":{\"@type\":\"PropertyValueSpecification\",\"valueRequired\":true,\"valueName\":\"search_term_string\"}}],\"inLanguage\":\"pt-BR\"},{\"@type\":\"Organization\",\"@id\":\"https:\/\/telasartedovale.com.br\/fatil\/#organization\",\"name\":\"F\u00e1brica de Telas em Petr\u00f3polis FATIL - ARTE DO VALE\",\"url\":\"https:\/\/telasartedovale.com.br\/fatil\/\",\"logo\":{\"@type\":\"ImageObject\",\"inLanguage\":\"pt-BR\",\"@id\":\"https:\/\/telasartedovale.com.br\/fatil\/#\/schema\/logo\/image\/\",\"url\":\"https:\/\/telasartedovale.com.br\/fatil\/wp-content\/uploads\/2023\/11\/black_site_quadrado.png\",\"contentUrl\":\"https:\/\/telasartedovale.com.br\/fatil\/wp-content\/uploads\/2023\/11\/black_site_quadrado.png\",\"width\":311,\"height\":309,\"caption\":\"F\u00e1brica de Telas em Petr\u00f3polis FATIL - ARTE DO VALE\"},\"image\":{\"@id\":\"https:\/\/telasartedovale.com.br\/fatil\/#\/schema\/logo\/image\/\"}}]}<\/script>\n<!-- \/ Yoast SEO plugin. -->","yoast_head_json":{"title":"Sobre N\u00f3s - F\u00e1brica de Telas em Petr\u00f3polis FATIL - ARTE DO VALE","robots":{"index":"index","follow":"follow","max-snippet":"max-snippet:-1","max-image-preview":"max-image-preview:large","max-video-preview":"max-video-preview:-1"},"canonical":"https:\/\/telasartedovale.com.br\/fatil\/sobre-nos\/","og_locale":"pt_BR","og_type":"article","og_title":"Sobre N\u00f3s - F\u00e1brica de Telas em Petr\u00f3polis FATIL - ARTE DO VALE","og_description":"Atuando desde 1985, a Fatil &#8211; hoje Telas Arte do Vale &#8211; construiu uma trajet\u00f3ria de sucesso. Hoje, em ampla e moderna sede em Itaipava, onde re\u00fane parque fabril e showroom, a empresa tamb\u00e9m evoluiu no seu portf\u00f3lio, adicionando ao portfolio tradicional de fabrica\u00e7\u00e3o de telas, setor de serralheria sob medida, especializado em estruturas met\u00e1licas [&hellip;]","og_url":"https:\/\/telasartedovale.com.br\/fatil\/sobre-nos\/","og_site_name":"F\u00e1brica de Telas em Petr\u00f3polis FATIL - ARTE DO VALE","article_modified_time":"2023-11-27T19:04:15+00:00","og_image":[{"url":"https:\/\/telasartedovale.com.br\/fatil\/wp-content\/uploads\/2023\/11\/Navy-Minimalist-Property-Agent-Business-Card-e1701111813948.png","type":"","width":"","height":""}],"twitter_card":"summary_large_image","twitter_misc":{"Est. tempo de leitura":"2 minutos"},"schema":{"@context":"https:\/\/schema.org","@graph":[{"@type":"WebPage","@id":"https:\/\/telasartedovale.com.br\/fatil\/sobre-nos\/","url":"https:\/\/telasartedovale.com.br\/fatil\/sobre-nos\/","name":"Sobre N\u00f3s - F\u00e1brica de Telas em Petr\u00f3polis FATIL - ARTE DO VALE","isPartOf":{"@id":"https:\/\/telasartedovale.com.br\/fatil\/#website"},"primaryImageOfPage":{"@id":"https:\/\/telasartedovale.com.br\/fatil\/sobre-nos\/#primaryimage"},"image":{"@id":"https:\/\/telasartedovale.com.br\/fatil\/sobre-nos\/#primaryimage"},"thumbnailUrl":"https:\/\/telasartedovale.com.br\/fatil\/wp-content\/uploads\/2023\/11\/Navy-Minimalist-Property-Agent-Business-Card-e1701111813948.png","datePublished":"2023-11-23T19:15:37+00:00","dateModified":"2023-11-27T19:04:15+00:00","breadcrumb":{"@id":"https:\/\/telasartedovale.com.br\/fatil\/sobre-nos\/#breadcrumb"},"inLanguage":"pt-BR","potentialAction":[{"@type":"ReadAction","target":["https:\/\/telasartedovale.com.br\/fatil\/sobre-nos\/"]}]},{"@type":"ImageObject","inLanguage":"pt-BR","@id":"https:\/\/telasartedovale.com.br\/fatil\/sobre-nos\/#primaryimage","url":"https:\/\/telasartedovale.com.br\/fatil\/wp-content\/uploads\/2023\/11\/Navy-Minimalist-Property-Agent-Business-Card-e1701111813948.png","contentUrl":"https:\/\/telasartedovale.com.br\/fatil\/wp-content\/uploads\/2023\/11\/Navy-Minimalist-Property-Agent-Business-Card-e1701111813948.png","width":960,"height":564,"caption":"Fatil Arte do Vale"},{"@type":"BreadcrumbList","@id":"https:\/\/telasartedovale.com.br\/fatil\/sobre-nos\/#breadcrumb","itemListElement":[{"@type":"ListItem","position":1,"name":"In\u00edcio","item":"https:\/\/telasartedovale.com.br\/fatil\/"},{"@type":"ListItem","position":2,"name":"Sobre N\u00f3s"}]},{"@type":"WebSite","@id":"https:\/\/telasartedovale.com.br\/fatil\/#website","url":"https:\/\/telasartedovale.com.br\/fatil\/","name":"F\u00e1brica de Telas em Petr\u00f3polis FATIL - ARTE DO VALE","description":"F\u00e1brica de Telas e Serralheria sob medida","publisher":{"@id":"https:\/\/telasartedovale.com.br\/fatil\/#organization"},"potentialAction":[{"@type":"SearchAction","target":{"@type":"EntryPoint","urlTemplate":"https:\/\/telasartedovale.com.br\/fatil\/?s={search_term_string}"},"query-input":{"@type":"PropertyValueSpecification","valueRequired":true,"valueName":"search_term_string"}}],"inLanguage":"pt-BR"},{"@type":"Organization","@id":"https:\/\/telasartedovale.com.br\/fatil\/#organization","name":"F\u00e1brica de Telas em Petr\u00f3polis FATIL - ARTE DO VALE","url":"https:\/\/telasartedovale.com.br\/fatil\/","logo":{"@type":"ImageObject","inLanguage":"pt-BR","@id":"https:\/\/telasartedovale.com.br\/fatil\/#\/schema\/logo\/image\/","url":"https:\/\/telasartedovale.com.br\/fatil\/wp-content\/uploads\/2023\/11\/black_site_quadrado.png","contentUrl":"https:\/\/telasartedovale.com.br\/fatil\/wp-content\/uploads\/2023\/11\/black_site_quadrado.png","width":311,"height":309,"caption":"F\u00e1brica de Telas em Petr\u00f3polis FATIL - ARTE DO VALE"},"image":{"@id":"https:\/\/telasartedovale.com.br\/fatil\/#\/schema\/logo\/image\/"}}]}},"_links":{"self":[{"href":"https:\/\/telasartedovale.com.br\/fatil\/wp-json\/wp\/v2\/pages\/74","targetHints":{"allow":["GET"]}}],"collection":[{"href":"https:\/\/telasartedovale.com.br\/fatil\/wp-json\/wp\/v2\/pages"}],"about":[{"href":"https:\/\/telasartedovale.com.br\/fatil\/wp-json\/wp\/v2\/types\/page"}],"author":[{"embeddable":true,"href":"https:\/\/telasartedovale.com.br\/fatil\/wp-json\/wp\/v2\/users\/1"}],"replies":[{"embeddable":true,"href":"https:\/\/telasartedovale.com.br\/fatil\/wp-json\/wp\/v2\/comments?post=74"}],"version-history":[{"count":13,"href":"https:\/\/telasartedovale.com.br\/fatil\/wp-json\/wp\/v2\/pages\/74\/revisions"}],"predecessor-version":[{"id":980,"href":"https:\/\/telasartedovale.com.br\/fatil\/wp-json\/wp\/v2\/pages\/74\/revisions\/980"}],"wp:attachment":[{"href":"https:\/\/telasartedovale.com.br\/fatil\/wp-json\/wp\/v2\/media?parent=74"}],"curies":[{"name":"wp","href":"https:\/\/api.w.org\/{rel}","templated":true}]}}