{"id":745,"date":"2023-11-26T10:30:27","date_gmt":"2023-11-26T13:30:27","guid":{"rendered":"https:\/\/telasartedovale.com.br\/fatil\/?page_id=745"},"modified":"2024-01-29T11:33:50","modified_gmt":"2024-01-29T14:33:50","slug":"moveis-ferro-e-madeira","status":"publish","type":"page","link":"https:\/\/telasartedovale.com.br\/fatil\/moveis-ferro-e-madeira\/","title":{"rendered":"M\u00f3veis Ferro e Madeira"},"content":{"rendered":"<p>Nosso setor de serralheria executa m\u00f3veis mesclando ferro, madeira e vidro, sob encomenda, para uso comercial ou residencial, tais quais:<\/p>\n<div class=\"su-table su-table-alternate\">\n<table>\n<tbody>\n<tr>\n<td><strong>Bancos, cadeiras\u00a0<\/strong><\/td>\n<\/tr>\n<tr>\n<td><strong>Arm\u00e1rios e aparadores<\/strong><\/td>\n<\/tr>\n<tr>\n<td><strong>Mesas\u00a0<\/strong><\/td>\n<\/tr>\n<tr>\n<td><strong>Prateleiras e estantes<\/strong><\/td>\n<\/tr>\n<tr>\n<td><strong>Churrasqueiras<\/strong><\/td>\n<\/tr>\n<tr>\n<td><strong>Fornos para pizza<\/strong><\/td>\n<\/tr>\n<\/tbody>\n<\/table>\n<\/div>\n<p>Dentre outros.<\/p>\n<div class=\"su-image-carousel  su-image-carousel-has-spacing su-image-carousel-crop su-image-carousel-crop-4-3 su-image-carousel-has-lightbox su-image-carousel-has-outline su-image-carousel-adaptive su-image-carousel-slides-style-default su-image-carousel-controls-style-dark su-image-carousel-align-none\" style=\"\" data-flickity-options='{\"groupCells\":true,\"cellSelector\":\".su-image-carousel-item\",\"adaptiveHeight\":false,\"cellAlign\":\"left\",\"prevNextButtons\":true,\"pageDots\":true,\"autoPlay\":5000,\"imagesLoaded\":true,\"contain\":true,\"selectedAttraction\":0.025000000000000001387778780781445675529539585113525390625,\"friction\":0.2800000000000000266453525910037569701671600341796875}' id=\"su_image_carousel_69da6566a8e64\"><div class=\"su-image-carousel-item\"><div class=\"su-image-carousel-item-content\"><a href=\"https:\/\/telasartedovale.com.br\/fatil\/wp-content\/uploads\/2023\/11\/moveis14.jpg\" target=\"_blank\" rel=\"noopener noreferrer\" data-caption=\"Pias com Bancada de ferro\"><img fetchpriority=\"high\" decoding=\"async\" width=\"680\" height=\"907\" src=\"https:\/\/telasartedovale.com.br\/fatil\/wp-content\/uploads\/2023\/11\/moveis14-768x1024.jpg\" class=\"\" alt=\"Pias com Bancada de ferro\" srcset=\"https:\/\/telasartedovale.com.br\/fatil\/wp-content\/uploads\/2023\/11\/moveis14-768x1024.jpg 768w, https:\/\/telasartedovale.com.br\/fatil\/wp-content\/uploads\/2023\/11\/moveis14-225x300.jpg 225w, https:\/\/telasartedovale.com.br\/fatil\/wp-content\/uploads\/2023\/11\/moveis14-1152x1536.jpg 1152w, https:\/\/telasartedovale.com.br\/fatil\/wp-content\/uploads\/2023\/11\/moveis14.jpg 1200w\" sizes=\"(max-width: 680px) 100vw, 680px\" \/><\/a><\/div><\/div><div class=\"su-image-carousel-item\"><div class=\"su-image-carousel-item-content\"><a href=\"https:\/\/telasartedovale.com.br\/fatil\/wp-content\/uploads\/2023\/11\/moveis101.jpg\" target=\"_blank\" rel=\"noopener noreferrer\" data-caption=\"Bancos de madeira e ferro\"><img decoding=\"async\" width=\"680\" height=\"907\" src=\"https:\/\/telasartedovale.com.br\/fatil\/wp-content\/uploads\/2023\/11\/moveis101-768x1024.jpg\" class=\"\" alt=\"Bancos de madeira e ferro\" srcset=\"https:\/\/telasartedovale.com.br\/fatil\/wp-content\/uploads\/2023\/11\/moveis101-768x1024.jpg 768w, https:\/\/telasartedovale.com.br\/fatil\/wp-content\/uploads\/2023\/11\/moveis101-225x300.jpg 225w, https:\/\/telasartedovale.com.br\/fatil\/wp-content\/uploads\/2023\/11\/moveis101-1152x1536.jpg 1152w, https:\/\/telasartedovale.com.br\/fatil\/wp-content\/uploads\/2023\/11\/moveis101.jpg 1200w\" sizes=\"(max-width: 680px) 100vw, 680px\" \/><\/a><\/div><\/div><div class=\"su-image-carousel-item\"><div class=\"su-image-carousel-item-content\"><a href=\"https:\/\/telasartedovale.com.br\/fatil\/wp-content\/uploads\/2023\/11\/moveis12.jpg\" target=\"_blank\" rel=\"noopener noreferrer\" data-caption=\"Bancada de ferro\"><img decoding=\"async\" width=\"680\" height=\"907\" src=\"https:\/\/telasartedovale.com.br\/fatil\/wp-content\/uploads\/2023\/11\/moveis12-768x1024.jpg\" class=\"\" alt=\"Bancada de ferro\" srcset=\"https:\/\/telasartedovale.com.br\/fatil\/wp-content\/uploads\/2023\/11\/moveis12-768x1024.jpg 768w, https:\/\/telasartedovale.com.br\/fatil\/wp-content\/uploads\/2023\/11\/moveis12-225x300.jpg 225w, https:\/\/telasartedovale.com.br\/fatil\/wp-content\/uploads\/2023\/11\/moveis12-1152x1536.jpg 1152w, https:\/\/telasartedovale.com.br\/fatil\/wp-content\/uploads\/2023\/11\/moveis12.jpg 1200w\" sizes=\"(max-width: 680px) 100vw, 680px\" \/><\/a><\/div><\/div><div class=\"su-image-carousel-item\"><div class=\"su-image-carousel-item-content\"><a href=\"https:\/\/telasartedovale.com.br\/fatil\/wp-content\/uploads\/2023\/11\/moveis5.jpg\" target=\"_blank\" rel=\"noopener noreferrer\" data-caption=\"Pia com bancada\"><img loading=\"lazy\" decoding=\"async\" width=\"680\" height=\"907\" src=\"https:\/\/telasartedovale.com.br\/fatil\/wp-content\/uploads\/2023\/11\/moveis5-768x1024.jpg\" class=\"\" alt=\"Pia com bancada\" srcset=\"https:\/\/telasartedovale.com.br\/fatil\/wp-content\/uploads\/2023\/11\/moveis5-768x1024.jpg 768w, https:\/\/telasartedovale.com.br\/fatil\/wp-content\/uploads\/2023\/11\/moveis5-225x300.jpg 225w, https:\/\/telasartedovale.com.br\/fatil\/wp-content\/uploads\/2023\/11\/moveis5-1152x1536.jpg 1152w, https:\/\/telasartedovale.com.br\/fatil\/wp-content\/uploads\/2023\/11\/moveis5.jpg 1200w\" sizes=\"(max-width: 680px) 100vw, 680px\" \/><\/a><\/div><\/div><div class=\"su-image-carousel-item\"><div class=\"su-image-carousel-item-content\"><a href=\"https:\/\/telasartedovale.com.br\/fatil\/wp-content\/uploads\/2023\/11\/moveis4.jpg\" target=\"_blank\" rel=\"noopener noreferrer\" data-caption=\"Banco de madeira e ferro\"><img loading=\"lazy\" decoding=\"async\" width=\"680\" height=\"907\" src=\"https:\/\/telasartedovale.com.br\/fatil\/wp-content\/uploads\/2023\/11\/moveis4-768x1024.jpg\" class=\"\" alt=\"Banco de madeira e ferro\" srcset=\"https:\/\/telasartedovale.com.br\/fatil\/wp-content\/uploads\/2023\/11\/moveis4-768x1024.jpg 768w, https:\/\/telasartedovale.com.br\/fatil\/wp-content\/uploads\/2023\/11\/moveis4-225x300.jpg 225w, https:\/\/telasartedovale.com.br\/fatil\/wp-content\/uploads\/2023\/11\/moveis4-1152x1536.jpg 1152w, https:\/\/telasartedovale.com.br\/fatil\/wp-content\/uploads\/2023\/11\/moveis4.jpg 1200w\" sizes=\"(max-width: 680px) 100vw, 680px\" \/><\/a><\/div><\/div><div class=\"su-image-carousel-item\"><div class=\"su-image-carousel-item-content\"><a href=\"https:\/\/telasartedovale.com.br\/fatil\/wp-content\/uploads\/2023\/11\/moveis2.jpg\" target=\"_blank\" rel=\"noopener noreferrer\" data-caption=\"M\u00f3veis ferro e madeira\"><img loading=\"lazy\" decoding=\"async\" width=\"680\" height=\"907\" src=\"https:\/\/telasartedovale.com.br\/fatil\/wp-content\/uploads\/2023\/11\/moveis2-768x1024.jpg\" class=\"\" alt=\"M\u00f3veis ferro e madeira\" srcset=\"https:\/\/telasartedovale.com.br\/fatil\/wp-content\/uploads\/2023\/11\/moveis2-768x1024.jpg 768w, https:\/\/telasartedovale.com.br\/fatil\/wp-content\/uploads\/2023\/11\/moveis2-225x300.jpg 225w, https:\/\/telasartedovale.com.br\/fatil\/wp-content\/uploads\/2023\/11\/moveis2.jpg 1080w\" sizes=\"(max-width: 680px) 100vw, 680px\" \/><\/a><\/div><\/div><div class=\"su-image-carousel-item\"><div class=\"su-image-carousel-item-content\"><a href=\"https:\/\/telasartedovale.com.br\/fatil\/wp-content\/uploads\/2023\/11\/moveis10.jpg\" target=\"_blank\" rel=\"noopener noreferrer\" data-caption=\"M\u00f3veis ferro e madeira\"><img loading=\"lazy\" decoding=\"async\" width=\"680\" height=\"907\" src=\"https:\/\/telasartedovale.com.br\/fatil\/wp-content\/uploads\/2023\/11\/moveis10-768x1024.jpg\" class=\"\" alt=\"M\u00f3veis ferro e madeira\" srcset=\"https:\/\/telasartedovale.com.br\/fatil\/wp-content\/uploads\/2023\/11\/moveis10-768x1024.jpg 768w, https:\/\/telasartedovale.com.br\/fatil\/wp-content\/uploads\/2023\/11\/moveis10-225x300.jpg 225w, https:\/\/telasartedovale.com.br\/fatil\/wp-content\/uploads\/2023\/11\/moveis10-1152x1536.jpg 1152w, https:\/\/telasartedovale.com.br\/fatil\/wp-content\/uploads\/2023\/11\/moveis10.jpg 1200w\" sizes=\"(max-width: 680px) 100vw, 680px\" \/><\/a><\/div><\/div><div class=\"su-image-carousel-item\"><div class=\"su-image-carousel-item-content\"><a href=\"https:\/\/telasartedovale.com.br\/fatil\/wp-content\/uploads\/2023\/11\/moveis13.jpg\" target=\"_blank\" rel=\"noopener noreferrer\" data-caption=\"M\u00f3veis ferro e madeira\"><img loading=\"lazy\" decoding=\"async\" width=\"680\" height=\"907\" src=\"https:\/\/telasartedovale.com.br\/fatil\/wp-content\/uploads\/2023\/11\/moveis13-768x1024.jpg\" class=\"\" alt=\"M\u00f3veis ferro e madeira\" srcset=\"https:\/\/telasartedovale.com.br\/fatil\/wp-content\/uploads\/2023\/11\/moveis13-768x1024.jpg 768w, https:\/\/telasartedovale.com.br\/fatil\/wp-content\/uploads\/2023\/11\/moveis13-225x300.jpg 225w, https:\/\/telasartedovale.com.br\/fatil\/wp-content\/uploads\/2023\/11\/moveis13-1152x1536.jpg 1152w, https:\/\/telasartedovale.com.br\/fatil\/wp-content\/uploads\/2023\/11\/moveis13.jpg 1200w\" sizes=\"(max-width: 680px) 100vw, 680px\" \/><\/a><\/div><\/div><div class=\"su-image-carousel-item\"><div class=\"su-image-carousel-item-content\"><a href=\"https:\/\/telasartedovale.com.br\/fatil\/wp-content\/uploads\/2023\/11\/moveis103.jpg\" target=\"_blank\" rel=\"noopener noreferrer\" data-caption=\"Churrasqueira e bancos\"><img loading=\"lazy\" decoding=\"async\" width=\"680\" height=\"907\" src=\"https:\/\/telasartedovale.com.br\/fatil\/wp-content\/uploads\/2023\/11\/moveis103-768x1024.jpg\" class=\"\" alt=\"Churrasqueira e bancos\" srcset=\"https:\/\/telasartedovale.com.br\/fatil\/wp-content\/uploads\/2023\/11\/moveis103-768x1024.jpg 768w, https:\/\/telasartedovale.com.br\/fatil\/wp-content\/uploads\/2023\/11\/moveis103-225x300.jpg 225w, https:\/\/telasartedovale.com.br\/fatil\/wp-content\/uploads\/2023\/11\/moveis103-1152x1536.jpg 1152w, https:\/\/telasartedovale.com.br\/fatil\/wp-content\/uploads\/2023\/11\/moveis103.jpg 1200w\" sizes=\"(max-width: 680px) 100vw, 680px\" \/><\/a><\/div><\/div><div class=\"su-image-carousel-item\"><div class=\"su-image-carousel-item-content\"><a href=\"https:\/\/telasartedovale.com.br\/fatil\/wp-content\/uploads\/2023\/11\/moveis1.jpg\" target=\"_blank\" rel=\"noopener noreferrer\" data-caption=\"M\u00f3veis ferro e madeira\"><img loading=\"lazy\" decoding=\"async\" width=\"680\" height=\"907\" src=\"https:\/\/telasartedovale.com.br\/fatil\/wp-content\/uploads\/2023\/11\/moveis1-768x1024.jpg\" class=\"\" alt=\"M\u00f3veis ferro e madeira\" srcset=\"https:\/\/telasartedovale.com.br\/fatil\/wp-content\/uploads\/2023\/11\/moveis1-768x1024.jpg 768w, https:\/\/telasartedovale.com.br\/fatil\/wp-content\/uploads\/2023\/11\/moveis1-225x300.jpg 225w, https:\/\/telasartedovale.com.br\/fatil\/wp-content\/uploads\/2023\/11\/moveis1-1152x1536.jpg 1152w, https:\/\/telasartedovale.com.br\/fatil\/wp-content\/uploads\/2023\/11\/moveis1.jpg 1200w\" sizes=\"(max-width: 680px) 100vw, 680px\" \/><\/a><\/div><\/div><div class=\"su-image-carousel-item\"><div class=\"su-image-carousel-item-content\"><a href=\"https:\/\/telasartedovale.com.br\/fatil\/wp-content\/uploads\/2023\/11\/esquadria5a.jpg\" target=\"_blank\" rel=\"noopener noreferrer\" data-caption=\"Esquadrias com vidro\"><img loading=\"lazy\" decoding=\"async\" width=\"680\" height=\"907\" src=\"https:\/\/telasartedovale.com.br\/fatil\/wp-content\/uploads\/2023\/11\/esquadria5a-768x1024.jpg\" class=\"\" alt=\"Esquadrias com vidro\" srcset=\"https:\/\/telasartedovale.com.br\/fatil\/wp-content\/uploads\/2023\/11\/esquadria5a-768x1024.jpg 768w, https:\/\/telasartedovale.com.br\/fatil\/wp-content\/uploads\/2023\/11\/esquadria5a-225x300.jpg 225w, https:\/\/telasartedovale.com.br\/fatil\/wp-content\/uploads\/2023\/11\/esquadria5a-1152x1536.jpg 1152w, https:\/\/telasartedovale.com.br\/fatil\/wp-content\/uploads\/2023\/11\/esquadria5a.jpg 1200w\" sizes=\"(max-width: 680px) 100vw, 680px\" \/><\/a><\/div><\/div><div class=\"su-image-carousel-item\"><div class=\"su-image-carousel-item-content\"><a href=\"https:\/\/telasartedovale.com.br\/fatil\/wp-content\/uploads\/2023\/11\/cliente5-1.png\" target=\"_blank\" rel=\"noopener noreferrer\" data-caption=\"\"><img loading=\"lazy\" decoding=\"async\" width=\"270\" height=\"369\" src=\"https:\/\/telasartedovale.com.br\/fatil\/wp-content\/uploads\/2023\/11\/cliente5-1.png\" class=\"\" alt=\"M\u00f3veis de ferro e madeira\" srcset=\"https:\/\/telasartedovale.com.br\/fatil\/wp-content\/uploads\/2023\/11\/cliente5-1.png 270w, https:\/\/telasartedovale.com.br\/fatil\/wp-content\/uploads\/2023\/11\/cliente5-1-220x300.png 220w\" sizes=\"(max-width: 270px) 100vw, 270px\" \/><\/a><\/div><\/div><div class=\"su-image-carousel-item\"><div class=\"su-image-carousel-item-content\"><a href=\"https:\/\/telasartedovale.com.br\/fatil\/wp-content\/uploads\/2023\/11\/tela12.png\" target=\"_blank\" rel=\"noopener noreferrer\" data-caption=\"M\u00f3veis em Ferro\"><img loading=\"lazy\" decoding=\"async\" width=\"270\" height=\"286\" src=\"https:\/\/telasartedovale.com.br\/fatil\/wp-content\/uploads\/2023\/11\/tela12.png\" class=\"\" alt=\"M\u00f3veis de ferro Fatil - Arte do Vale\" \/><\/a><\/div><\/div><div class=\"su-image-carousel-item\"><div class=\"su-image-carousel-item-content\"><a href=\"https:\/\/telasartedovale.com.br\/fatil\/wp-content\/uploads\/2023\/11\/cliente1.png\" target=\"_blank\" rel=\"noopener noreferrer\" data-caption=\"\"><img loading=\"lazy\" decoding=\"async\" width=\"270\" height=\"369\" src=\"https:\/\/telasartedovale.com.br\/fatil\/wp-content\/uploads\/2023\/11\/cliente1.png\" class=\"\" alt=\"F\u00e1brica de telas Fatil e Telas Arte do Vale Serralheria\" srcset=\"https:\/\/telasartedovale.com.br\/fatil\/wp-content\/uploads\/2023\/11\/cliente1.png 270w, https:\/\/telasartedovale.com.br\/fatil\/wp-content\/uploads\/2023\/11\/cliente1-220x300.png 220w\" sizes=\"(max-width: 270px) 100vw, 270px\" \/><\/a><\/div><\/div><div class=\"su-image-carousel-item\"><div class=\"su-image-carousel-item-content\"><a href=\"https:\/\/telasartedovale.com.br\/fatil\/wp-content\/uploads\/2023\/11\/moveis23.jpg\" target=\"_blank\" rel=\"noopener noreferrer\" data-caption=\"Mesa para escrit\u00f3rio\"><img loading=\"lazy\" decoding=\"async\" width=\"680\" height=\"907\" src=\"https:\/\/telasartedovale.com.br\/fatil\/wp-content\/uploads\/2023\/11\/moveis23-768x1024.jpg\" class=\"\" alt=\"Mesa para escrit\u00f3rio\" srcset=\"https:\/\/telasartedovale.com.br\/fatil\/wp-content\/uploads\/2023\/11\/moveis23-768x1024.jpg 768w, https:\/\/telasartedovale.com.br\/fatil\/wp-content\/uploads\/2023\/11\/moveis23-225x300.jpg 225w, https:\/\/telasartedovale.com.br\/fatil\/wp-content\/uploads\/2023\/11\/moveis23-1152x1536.jpg 1152w, https:\/\/telasartedovale.com.br\/fatil\/wp-content\/uploads\/2023\/11\/moveis23.jpg 1200w\" sizes=\"(max-width: 680px) 100vw, 680px\" \/><\/a><\/div><\/div><\/div><script id=\"su_image_carousel_69da6566a8e64_script\">if(window.SUImageCarousel){setTimeout(function() {window.SUImageCarousel.initGallery(document.getElementById(\"su_image_carousel_69da6566a8e64\"))}, 0);}var su_image_carousel_69da6566a8e64_script=document.getElementById(\"su_image_carousel_69da6566a8e64_script\");if(su_image_carousel_69da6566a8e64_script){su_image_carousel_69da6566a8e64_script.parentNode.removeChild(su_image_carousel_69da6566a8e64_script);}<\/script>\n<p><iframe width=\"560\" height=\"315\" src=\"https:\/\/www.youtube.com\/embed\/5Eo5t7e2YQE?si=n69o9_C5dcIRY6Wx\" title=\"YouTube video player\" frameborder=\"0\" allow=\"accelerometer; autoplay; clipboard-write; encrypted-media; gyroscope; picture-in-picture; web-share\" allowfullscreen><\/iframe><\/p>\n<a href=\"https:\/\/telasartedovale.com.br\/fatil\/contato\/\" class=\"su-button su-button-style-default\" style=\"color:#FFFFFF;background-color:#72B13C;border-color:#5c8e30;border-radius:5px\" target=\"_self\"><span style=\"color:#FFFFFF;padding:6px 16px;font-size:13px;line-height:20px;border-color:#9dc977;border-radius:5px;text-shadow:none\"><i class=\"sui sui-phone-square\" style=\"font-size:13px;color:#FFFFFF\"><\/i> Contato<\/span><\/a> <a href=\"https:\/\/www.youtube.com\/@TelasFatil-TelasArtedoVale\" class=\"su-button su-button-style-default\" style=\"color:#FFFFFF;background-color:#72B13C;border-color:#5c8e30;border-radius:5px\" target=\"__blank\"><span style=\"color:#FFFFFF;padding:6px 16px;font-size:13px;line-height:20px;border-color:#9dc977;border-radius:5px;text-shadow:none\"><i class=\"sui sui-phone-square\" style=\"font-size:13px;color:#FFFFFF\"><\/i> V\u00eddeos<\/span><\/a> <a href=\"https:\/\/www.instagram.com\/telasartedovale\/\" class=\"su-button su-button-style-default\" style=\"color:#FFFFFF;background-color:#72B13C;border-color:#5c8e30;border-radius:5px\" target=\"_self\"><span style=\"color:#FFFFFF;padding:6px 16px;font-size:13px;line-height:20px;border-color:#9dc977;border-radius:5px;text-shadow:none\"><i class=\"sui sui-phone-square\" style=\"font-size:13px;color:#FFFFFF\"><\/i> Instagram<\/span><\/a>\n","protected":false},"excerpt":{"rendered":"<p>Nosso setor de serralheria executa m\u00f3veis mesclando ferro, madeira e vidro, sob encomenda, para uso comercial ou residencial, tais quais: Dentre outros.<\/p>\n","protected":false},"author":1,"featured_media":0,"parent":0,"menu_order":0,"comment_status":"closed","ping_status":"closed","template":"","meta":{"footnotes":""},"class_list":["post-745","page","type-page","status-publish","hentry"],"yoast_head":"<!-- This site is optimized with the Yoast SEO plugin v26.7 - https:\/\/yoast.com\/wordpress\/plugins\/seo\/ -->\n<title>M\u00f3veis Ferro e Madeira - F\u00e1brica de Telas em Petr\u00f3polis FATIL - ARTE DO VALE<\/title>\n<meta name=\"robots\" content=\"index, follow, max-snippet:-1, max-image-preview:large, max-video-preview:-1\" \/>\n<link rel=\"canonical\" href=\"https:\/\/telasartedovale.com.br\/fatil\/moveis-ferro-e-madeira\/\" \/>\n<meta property=\"og:locale\" content=\"pt_BR\" \/>\n<meta property=\"og:type\" content=\"article\" \/>\n<meta property=\"og:title\" content=\"M\u00f3veis Ferro e Madeira - F\u00e1brica de Telas em Petr\u00f3polis FATIL - ARTE DO VALE\" \/>\n<meta property=\"og:description\" content=\"Nosso setor de serralheria executa m\u00f3veis mesclando ferro, madeira e vidro, sob encomenda, para uso comercial ou residencial, tais quais: Dentre outros.\" \/>\n<meta property=\"og:url\" content=\"https:\/\/telasartedovale.com.br\/fatil\/moveis-ferro-e-madeira\/\" \/>\n<meta property=\"og:site_name\" content=\"F\u00e1brica de Telas em Petr\u00f3polis FATIL - ARTE DO VALE\" \/>\n<meta property=\"article:modified_time\" content=\"2024-01-29T14:33:50+00:00\" \/>\n<meta name=\"twitter:card\" content=\"summary_large_image\" \/>\n<meta name=\"twitter:label1\" content=\"Est. tempo de leitura\" \/>\n\t<meta name=\"twitter:data1\" content=\"1 minuto\" \/>\n<script type=\"application\/ld+json\" class=\"yoast-schema-graph\">{\"@context\":\"https:\/\/schema.org\",\"@graph\":[{\"@type\":\"WebPage\",\"@id\":\"https:\/\/telasartedovale.com.br\/fatil\/moveis-ferro-e-madeira\/\",\"url\":\"https:\/\/telasartedovale.com.br\/fatil\/moveis-ferro-e-madeira\/\",\"name\":\"M\u00f3veis Ferro e Madeira - F\u00e1brica de Telas em Petr\u00f3polis FATIL - ARTE DO VALE\",\"isPartOf\":{\"@id\":\"https:\/\/telasartedovale.com.br\/fatil\/#website\"},\"datePublished\":\"2023-11-26T13:30:27+00:00\",\"dateModified\":\"2024-01-29T14:33:50+00:00\",\"breadcrumb\":{\"@id\":\"https:\/\/telasartedovale.com.br\/fatil\/moveis-ferro-e-madeira\/#breadcrumb\"},\"inLanguage\":\"pt-BR\",\"potentialAction\":[{\"@type\":\"ReadAction\",\"target\":[\"https:\/\/telasartedovale.com.br\/fatil\/moveis-ferro-e-madeira\/\"]}]},{\"@type\":\"BreadcrumbList\",\"@id\":\"https:\/\/telasartedovale.com.br\/fatil\/moveis-ferro-e-madeira\/#breadcrumb\",\"itemListElement\":[{\"@type\":\"ListItem\",\"position\":1,\"name\":\"In\u00edcio\",\"item\":\"https:\/\/telasartedovale.com.br\/fatil\/\"},{\"@type\":\"ListItem\",\"position\":2,\"name\":\"M\u00f3veis Ferro e Madeira\"}]},{\"@type\":\"WebSite\",\"@id\":\"https:\/\/telasartedovale.com.br\/fatil\/#website\",\"url\":\"https:\/\/telasartedovale.com.br\/fatil\/\",\"name\":\"F\u00e1brica de Telas em Petr\u00f3polis FATIL - ARTE DO VALE\",\"description\":\"F\u00e1brica de Telas e Serralheria sob medida\",\"publisher\":{\"@id\":\"https:\/\/telasartedovale.com.br\/fatil\/#organization\"},\"potentialAction\":[{\"@type\":\"SearchAction\",\"target\":{\"@type\":\"EntryPoint\",\"urlTemplate\":\"https:\/\/telasartedovale.com.br\/fatil\/?s={search_term_string}\"},\"query-input\":{\"@type\":\"PropertyValueSpecification\",\"valueRequired\":true,\"valueName\":\"search_term_string\"}}],\"inLanguage\":\"pt-BR\"},{\"@type\":\"Organization\",\"@id\":\"https:\/\/telasartedovale.com.br\/fatil\/#organization\",\"name\":\"F\u00e1brica de Telas em Petr\u00f3polis FATIL - ARTE DO VALE\",\"url\":\"https:\/\/telasartedovale.com.br\/fatil\/\",\"logo\":{\"@type\":\"ImageObject\",\"inLanguage\":\"pt-BR\",\"@id\":\"https:\/\/telasartedovale.com.br\/fatil\/#\/schema\/logo\/image\/\",\"url\":\"https:\/\/telasartedovale.com.br\/fatil\/wp-content\/uploads\/2023\/11\/black_site_quadrado.png\",\"contentUrl\":\"https:\/\/telasartedovale.com.br\/fatil\/wp-content\/uploads\/2023\/11\/black_site_quadrado.png\",\"width\":311,\"height\":309,\"caption\":\"F\u00e1brica de Telas em Petr\u00f3polis FATIL - ARTE DO VALE\"},\"image\":{\"@id\":\"https:\/\/telasartedovale.com.br\/fatil\/#\/schema\/logo\/image\/\"}}]}<\/script>\n<!-- \/ Yoast SEO plugin. -->","yoast_head_json":{"title":"M\u00f3veis Ferro e Madeira - F\u00e1brica de Telas em Petr\u00f3polis FATIL - ARTE DO VALE","robots":{"index":"index","follow":"follow","max-snippet":"max-snippet:-1","max-image-preview":"max-image-preview:large","max-video-preview":"max-video-preview:-1"},"canonical":"https:\/\/telasartedovale.com.br\/fatil\/moveis-ferro-e-madeira\/","og_locale":"pt_BR","og_type":"article","og_title":"M\u00f3veis Ferro e Madeira - F\u00e1brica de Telas em Petr\u00f3polis FATIL - ARTE DO VALE","og_description":"Nosso setor de serralheria executa m\u00f3veis mesclando ferro, madeira e vidro, sob encomenda, para uso comercial ou residencial, tais quais: Dentre outros.","og_url":"https:\/\/telasartedovale.com.br\/fatil\/moveis-ferro-e-madeira\/","og_site_name":"F\u00e1brica de Telas em Petr\u00f3polis FATIL - ARTE DO VALE","article_modified_time":"2024-01-29T14:33:50+00:00","twitter_card":"summary_large_image","twitter_misc":{"Est. tempo de leitura":"1 minuto"},"schema":{"@context":"https:\/\/schema.org","@graph":[{"@type":"WebPage","@id":"https:\/\/telasartedovale.com.br\/fatil\/moveis-ferro-e-madeira\/","url":"https:\/\/telasartedovale.com.br\/fatil\/moveis-ferro-e-madeira\/","name":"M\u00f3veis Ferro e Madeira - F\u00e1brica de Telas em Petr\u00f3polis FATIL - ARTE DO VALE","isPartOf":{"@id":"https:\/\/telasartedovale.com.br\/fatil\/#website"},"datePublished":"2023-11-26T13:30:27+00:00","dateModified":"2024-01-29T14:33:50+00:00","breadcrumb":{"@id":"https:\/\/telasartedovale.com.br\/fatil\/moveis-ferro-e-madeira\/#breadcrumb"},"inLanguage":"pt-BR","potentialAction":[{"@type":"ReadAction","target":["https:\/\/telasartedovale.com.br\/fatil\/moveis-ferro-e-madeira\/"]}]},{"@type":"BreadcrumbList","@id":"https:\/\/telasartedovale.com.br\/fatil\/moveis-ferro-e-madeira\/#breadcrumb","itemListElement":[{"@type":"ListItem","position":1,"name":"In\u00edcio","item":"https:\/\/telasartedovale.com.br\/fatil\/"},{"@type":"ListItem","position":2,"name":"M\u00f3veis Ferro e Madeira"}]},{"@type":"WebSite","@id":"https:\/\/telasartedovale.com.br\/fatil\/#website","url":"https:\/\/telasartedovale.com.br\/fatil\/","name":"F\u00e1brica de Telas em Petr\u00f3polis FATIL - ARTE DO VALE","description":"F\u00e1brica de Telas e Serralheria sob medida","publisher":{"@id":"https:\/\/telasartedovale.com.br\/fatil\/#organization"},"potentialAction":[{"@type":"SearchAction","target":{"@type":"EntryPoint","urlTemplate":"https:\/\/telasartedovale.com.br\/fatil\/?s={search_term_string}"},"query-input":{"@type":"PropertyValueSpecification","valueRequired":true,"valueName":"search_term_string"}}],"inLanguage":"pt-BR"},{"@type":"Organization","@id":"https:\/\/telasartedovale.com.br\/fatil\/#organization","name":"F\u00e1brica de Telas em Petr\u00f3polis FATIL - ARTE DO VALE","url":"https:\/\/telasartedovale.com.br\/fatil\/","logo":{"@type":"ImageObject","inLanguage":"pt-BR","@id":"https:\/\/telasartedovale.com.br\/fatil\/#\/schema\/logo\/image\/","url":"https:\/\/telasartedovale.com.br\/fatil\/wp-content\/uploads\/2023\/11\/black_site_quadrado.png","contentUrl":"https:\/\/telasartedovale.com.br\/fatil\/wp-content\/uploads\/2023\/11\/black_site_quadrado.png","width":311,"height":309,"caption":"F\u00e1brica de Telas em Petr\u00f3polis FATIL - ARTE DO VALE"},"image":{"@id":"https:\/\/telasartedovale.com.br\/fatil\/#\/schema\/logo\/image\/"}}]}},"_links":{"self":[{"href":"https:\/\/telasartedovale.com.br\/fatil\/wp-json\/wp\/v2\/pages\/745","targetHints":{"allow":["GET"]}}],"collection":[{"href":"https:\/\/telasartedovale.com.br\/fatil\/wp-json\/wp\/v2\/pages"}],"about":[{"href":"https:\/\/telasartedovale.com.br\/fatil\/wp-json\/wp\/v2\/types\/page"}],"author":[{"embeddable":true,"href":"https:\/\/telasartedovale.com.br\/fatil\/wp-json\/wp\/v2\/users\/1"}],"replies":[{"embeddable":true,"href":"https:\/\/telasartedovale.com.br\/fatil\/wp-json\/wp\/v2\/comments?post=745"}],"version-history":[{"count":6,"href":"https:\/\/telasartedovale.com.br\/fatil\/wp-json\/wp\/v2\/pages\/745\/revisions"}],"predecessor-version":[{"id":1210,"href":"https:\/\/telasartedovale.com.br\/fatil\/wp-json\/wp\/v2\/pages\/745\/revisions\/1210"}],"wp:attachment":[{"href":"https:\/\/telasartedovale.com.br\/fatil\/wp-json\/wp\/v2\/media?parent=745"}],"curies":[{"name":"wp","href":"https:\/\/api.w.org\/{rel}","templated":true}]}}