{"id":756,"date":"2023-11-26T12:35:12","date_gmt":"2023-11-26T15:35:12","guid":{"rendered":"https:\/\/telasartedovale.com.br\/fatil\/?page_id=756"},"modified":"2023-11-27T16:17:07","modified_gmt":"2023-11-27T19:17:07","slug":"cerca-protecao-e-portoes","status":"publish","type":"page","link":"https:\/\/telasartedovale.com.br\/fatil\/cerca-protecao-e-portoes\/","title":{"rendered":"Gradis e Port\u00f5es"},"content":{"rendered":"<p>Fazemos serralheria sob medida para prote\u00e7\u00e3o e cercamento de \u00e1reas, incluindo:<\/p>\n<div class=\"su-table su-table-alternate\">\n<table>\n<tbody>\n<tr>\n<td><strong>Port\u00f5es de ferro ou alum\u00ednio<\/strong><\/td>\n<\/tr>\n<tr>\n<td><strong>Port\u00f5es de ferro com madeira<\/strong><\/td>\n<\/tr>\n<tr>\n<td><strong>Port\u00f5es com telas e estrutura de ferro<\/strong><\/td>\n<\/tr>\n<tr>\n<td><strong>Grades e Gradis<\/strong><\/td>\n<\/tr>\n<tr>\n<td><strong>Guarda-corpo e corrim\u00e3o<\/strong><\/td>\n<\/tr>\n<tr>\n<td><b>Escadas e mezaninos<\/b><\/td>\n<\/tr>\n<\/tbody>\n<\/table>\n<\/div>\n<div class=\"su-image-carousel  su-image-carousel-has-spacing su-image-carousel-crop su-image-carousel-crop-4-3 su-image-carousel-has-lightbox su-image-carousel-has-outline su-image-carousel-adaptive su-image-carousel-slides-style-default su-image-carousel-controls-style-dark su-image-carousel-align-none\" style=\"\" data-flickity-options='{\"groupCells\":true,\"cellSelector\":\".su-image-carousel-item\",\"adaptiveHeight\":false,\"cellAlign\":\"left\",\"prevNextButtons\":true,\"pageDots\":true,\"autoPlay\":5000,\"imagesLoaded\":true,\"contain\":true,\"selectedAttraction\":0.025000000000000001387778780781445675529539585113525390625,\"friction\":0.2800000000000000266453525910037569701671600341796875}' id=\"su_image_carousel_69da6501530c0\"><div class=\"su-image-carousel-item\"><div class=\"su-image-carousel-item-content\"><a href=\"https:\/\/telasartedovale.com.br\/fatil\/wp-content\/uploads\/2023\/11\/outros-gradis6.jpg\" target=\"_blank\" rel=\"noopener noreferrer\" data-caption=\"Cerca com gradil\"><img fetchpriority=\"high\" decoding=\"async\" width=\"680\" height=\"907\" src=\"https:\/\/telasartedovale.com.br\/fatil\/wp-content\/uploads\/2023\/11\/outros-gradis6-768x1024.jpg\" class=\"\" alt=\"Cerca com gradil\" srcset=\"https:\/\/telasartedovale.com.br\/fatil\/wp-content\/uploads\/2023\/11\/outros-gradis6-768x1024.jpg 768w, https:\/\/telasartedovale.com.br\/fatil\/wp-content\/uploads\/2023\/11\/outros-gradis6-225x300.jpg 225w, https:\/\/telasartedovale.com.br\/fatil\/wp-content\/uploads\/2023\/11\/outros-gradis6-1152x1536.jpg 1152w, https:\/\/telasartedovale.com.br\/fatil\/wp-content\/uploads\/2023\/11\/outros-gradis6.jpg 1200w\" sizes=\"(max-width: 680px) 100vw, 680px\" \/><\/a><\/div><\/div><div class=\"su-image-carousel-item\"><div class=\"su-image-carousel-item-content\"><a href=\"https:\/\/telasartedovale.com.br\/fatil\/wp-content\/uploads\/2023\/11\/outros-gradis4.jpg\" target=\"_blank\" rel=\"noopener noreferrer\" data-caption=\"Cerca com gradil\"><img decoding=\"async\" width=\"680\" height=\"907\" src=\"https:\/\/telasartedovale.com.br\/fatil\/wp-content\/uploads\/2023\/11\/outros-gradis4-768x1024.jpg\" class=\"\" alt=\"Cerca com gradil\" srcset=\"https:\/\/telasartedovale.com.br\/fatil\/wp-content\/uploads\/2023\/11\/outros-gradis4-768x1024.jpg 768w, https:\/\/telasartedovale.com.br\/fatil\/wp-content\/uploads\/2023\/11\/outros-gradis4-225x300.jpg 225w, https:\/\/telasartedovale.com.br\/fatil\/wp-content\/uploads\/2023\/11\/outros-gradis4-1152x1536.jpg 1152w, https:\/\/telasartedovale.com.br\/fatil\/wp-content\/uploads\/2023\/11\/outros-gradis4.jpg 1200w\" sizes=\"(max-width: 680px) 100vw, 680px\" \/><\/a><\/div><\/div><div class=\"su-image-carousel-item\"><div class=\"su-image-carousel-item-content\"><a href=\"https:\/\/telasartedovale.com.br\/fatil\/wp-content\/uploads\/2023\/11\/portao3.jpg\" target=\"_blank\" rel=\"noopener noreferrer\" data-caption=\"Port\u00e3o em serralheria e madeira\"><img decoding=\"async\" width=\"680\" height=\"510\" src=\"https:\/\/telasartedovale.com.br\/fatil\/wp-content\/uploads\/2023\/11\/portao3-1024x768.jpg\" class=\"\" alt=\"Port\u00e3o em serralheria e madeira\" srcset=\"https:\/\/telasartedovale.com.br\/fatil\/wp-content\/uploads\/2023\/11\/portao3-1024x768.jpg 1024w, https:\/\/telasartedovale.com.br\/fatil\/wp-content\/uploads\/2023\/11\/portao3-300x225.jpg 300w, https:\/\/telasartedovale.com.br\/fatil\/wp-content\/uploads\/2023\/11\/portao3-768x576.jpg 768w, https:\/\/telasartedovale.com.br\/fatil\/wp-content\/uploads\/2023\/11\/portao3-1536x1152.jpg 1536w, https:\/\/telasartedovale.com.br\/fatil\/wp-content\/uploads\/2023\/11\/portao3.jpg 1600w\" sizes=\"(max-width: 680px) 100vw, 680px\" \/><\/a><\/div><\/div><div class=\"su-image-carousel-item\"><div class=\"su-image-carousel-item-content\"><a href=\"https:\/\/telasartedovale.com.br\/fatil\/wp-content\/uploads\/2023\/11\/portao2.jpg\" target=\"_blank\" rel=\"noopener noreferrer\" data-caption=\"Port\u00e3o em serralheria e madeira\"><img loading=\"lazy\" decoding=\"async\" width=\"680\" height=\"680\" src=\"https:\/\/telasartedovale.com.br\/fatil\/wp-content\/uploads\/2023\/11\/portao2-1024x1024.jpg\" class=\"\" alt=\"Port\u00e3o em serralheria e madeira\" srcset=\"https:\/\/telasartedovale.com.br\/fatil\/wp-content\/uploads\/2023\/11\/portao2-1024x1024.jpg 1024w, https:\/\/telasartedovale.com.br\/fatil\/wp-content\/uploads\/2023\/11\/portao2-300x300.jpg 300w, https:\/\/telasartedovale.com.br\/fatil\/wp-content\/uploads\/2023\/11\/portao2-150x150.jpg 150w, https:\/\/telasartedovale.com.br\/fatil\/wp-content\/uploads\/2023\/11\/portao2-768x768.jpg 768w, https:\/\/telasartedovale.com.br\/fatil\/wp-content\/uploads\/2023\/11\/portao2.jpg 1536w\" sizes=\"(max-width: 680px) 100vw, 680px\" \/><\/a><\/div><\/div><div class=\"su-image-carousel-item\"><div class=\"su-image-carousel-item-content\"><a href=\"https:\/\/telasartedovale.com.br\/fatil\/wp-content\/uploads\/2023\/11\/outros101.jpg\" target=\"_blank\" rel=\"noopener noreferrer\" data-caption=\"Cabana com cocheiras\"><img loading=\"lazy\" decoding=\"async\" width=\"680\" height=\"510\" src=\"https:\/\/telasartedovale.com.br\/fatil\/wp-content\/uploads\/2023\/11\/outros101-1024x768.jpg\" class=\"\" alt=\"Cabana com cocheiras\" srcset=\"https:\/\/telasartedovale.com.br\/fatil\/wp-content\/uploads\/2023\/11\/outros101-1024x768.jpg 1024w, https:\/\/telasartedovale.com.br\/fatil\/wp-content\/uploads\/2023\/11\/outros101-300x225.jpg 300w, https:\/\/telasartedovale.com.br\/fatil\/wp-content\/uploads\/2023\/11\/outros101-768x576.jpg 768w, https:\/\/telasartedovale.com.br\/fatil\/wp-content\/uploads\/2023\/11\/outros101-1536x1152.jpg 1536w, https:\/\/telasartedovale.com.br\/fatil\/wp-content\/uploads\/2023\/11\/outros101.jpg 1600w\" sizes=\"(max-width: 680px) 100vw, 680px\" \/><\/a><\/div><\/div><div class=\"su-image-carousel-item\"><div class=\"su-image-carousel-item-content\"><a href=\"https:\/\/telasartedovale.com.br\/fatil\/wp-content\/uploads\/2023\/11\/outros-gradis8.jpg\" target=\"_blank\" rel=\"noopener noreferrer\" data-caption=\"Cerca com gradil\"><img loading=\"lazy\" decoding=\"async\" width=\"680\" height=\"907\" src=\"https:\/\/telasartedovale.com.br\/fatil\/wp-content\/uploads\/2023\/11\/outros-gradis8-768x1024.jpg\" class=\"\" alt=\"Cerca com gradil\" srcset=\"https:\/\/telasartedovale.com.br\/fatil\/wp-content\/uploads\/2023\/11\/outros-gradis8-768x1024.jpg 768w, https:\/\/telasartedovale.com.br\/fatil\/wp-content\/uploads\/2023\/11\/outros-gradis8-225x300.jpg 225w, https:\/\/telasartedovale.com.br\/fatil\/wp-content\/uploads\/2023\/11\/outros-gradis8-1152x1536.jpg 1152w, https:\/\/telasartedovale.com.br\/fatil\/wp-content\/uploads\/2023\/11\/outros-gradis8.jpg 1200w\" sizes=\"(max-width: 680px) 100vw, 680px\" \/><\/a><\/div><\/div><div class=\"su-image-carousel-item\"><div class=\"su-image-carousel-item-content\"><a href=\"https:\/\/telasartedovale.com.br\/fatil\/wp-content\/uploads\/2023\/11\/outros-gradis1.jpg\" target=\"_blank\" rel=\"noopener noreferrer\" data-caption=\"Cerca tela com gradil\"><img loading=\"lazy\" decoding=\"async\" width=\"680\" height=\"510\" src=\"https:\/\/telasartedovale.com.br\/fatil\/wp-content\/uploads\/2023\/11\/outros-gradis1-1024x768.jpg\" class=\"\" alt=\"Cerca com gradil\" srcset=\"https:\/\/telasartedovale.com.br\/fatil\/wp-content\/uploads\/2023\/11\/outros-gradis1-1024x768.jpg 1024w, https:\/\/telasartedovale.com.br\/fatil\/wp-content\/uploads\/2023\/11\/outros-gradis1-300x225.jpg 300w, https:\/\/telasartedovale.com.br\/fatil\/wp-content\/uploads\/2023\/11\/outros-gradis1-768x576.jpg 768w, https:\/\/telasartedovale.com.br\/fatil\/wp-content\/uploads\/2023\/11\/outros-gradis1-1536x1152.jpg 1536w, https:\/\/telasartedovale.com.br\/fatil\/wp-content\/uploads\/2023\/11\/outros-gradis1.jpg 1600w\" sizes=\"(max-width: 680px) 100vw, 680px\" \/><\/a><\/div><\/div><div class=\"su-image-carousel-item\"><div class=\"su-image-carousel-item-content\"><a href=\"https:\/\/telasartedovale.com.br\/fatil\/wp-content\/uploads\/2023\/11\/estrutura300b.jpg\" target=\"_blank\" rel=\"noopener noreferrer\" data-caption=\"Galp\u00e3o e Mezanino\"><img loading=\"lazy\" decoding=\"async\" width=\"680\" height=\"907\" src=\"https:\/\/telasartedovale.com.br\/fatil\/wp-content\/uploads\/2023\/11\/estrutura300b-768x1024.jpg\" class=\"\" alt=\"Galp\u00e3o e Mezanino\" srcset=\"https:\/\/telasartedovale.com.br\/fatil\/wp-content\/uploads\/2023\/11\/estrutura300b-768x1024.jpg 768w, https:\/\/telasartedovale.com.br\/fatil\/wp-content\/uploads\/2023\/11\/estrutura300b-225x300.jpg 225w, https:\/\/telasartedovale.com.br\/fatil\/wp-content\/uploads\/2023\/11\/estrutura300b-1152x1536.jpg 1152w, https:\/\/telasartedovale.com.br\/fatil\/wp-content\/uploads\/2023\/11\/estrutura300b.jpg 1200w\" sizes=\"(max-width: 680px) 100vw, 680px\" \/><\/a><\/div><\/div><div class=\"su-image-carousel-item\"><div class=\"su-image-carousel-item-content\"><a href=\"https:\/\/telasartedovale.com.br\/fatil\/wp-content\/uploads\/2023\/11\/estrutura101-1.jpg\" target=\"_blank\" rel=\"noopener noreferrer\" data-caption=\"Mezanino e telhado de alum\u00ednio\"><img loading=\"lazy\" decoding=\"async\" width=\"680\" height=\"907\" src=\"https:\/\/telasartedovale.com.br\/fatil\/wp-content\/uploads\/2023\/11\/estrutura101-1-768x1024.jpg\" class=\"\" alt=\"Mezanino e telhado de alum\u00ednio\" srcset=\"https:\/\/telasartedovale.com.br\/fatil\/wp-content\/uploads\/2023\/11\/estrutura101-1-768x1024.jpg 768w, https:\/\/telasartedovale.com.br\/fatil\/wp-content\/uploads\/2023\/11\/estrutura101-1-225x300.jpg 225w, https:\/\/telasartedovale.com.br\/fatil\/wp-content\/uploads\/2023\/11\/estrutura101-1-1152x1536.jpg 1152w, https:\/\/telasartedovale.com.br\/fatil\/wp-content\/uploads\/2023\/11\/estrutura101-1.jpg 1200w\" sizes=\"(max-width: 680px) 100vw, 680px\" \/><\/a><\/div><\/div><div class=\"su-image-carousel-item\"><div class=\"su-image-carousel-item-content\"><a href=\"https:\/\/telasartedovale.com.br\/fatil\/wp-content\/uploads\/2023\/11\/empresa6.jpg\" target=\"_blank\" rel=\"noopener noreferrer\" data-caption=\"Setor Serralheria\"><img loading=\"lazy\" decoding=\"async\" width=\"680\" height=\"907\" src=\"https:\/\/telasartedovale.com.br\/fatil\/wp-content\/uploads\/2023\/11\/empresa6-768x1024.jpg\" class=\"\" alt=\"Setor Serralheria\" srcset=\"https:\/\/telasartedovale.com.br\/fatil\/wp-content\/uploads\/2023\/11\/empresa6-768x1024.jpg 768w, https:\/\/telasartedovale.com.br\/fatil\/wp-content\/uploads\/2023\/11\/empresa6-225x300.jpg 225w, https:\/\/telasartedovale.com.br\/fatil\/wp-content\/uploads\/2023\/11\/empresa6-1152x1536.jpg 1152w, https:\/\/telasartedovale.com.br\/fatil\/wp-content\/uploads\/2023\/11\/empresa6.jpg 1200w\" sizes=\"(max-width: 680px) 100vw, 680px\" \/><\/a><\/div><\/div><div class=\"su-image-carousel-item\"><div class=\"su-image-carousel-item-content\"><a href=\"https:\/\/telasartedovale.com.br\/fatil\/wp-content\/uploads\/2023\/11\/outros-gradis5.jpg\" target=\"_blank\" rel=\"noopener noreferrer\" data-caption=\"Cerca com gradil\"><img loading=\"lazy\" decoding=\"async\" width=\"680\" height=\"907\" src=\"https:\/\/telasartedovale.com.br\/fatil\/wp-content\/uploads\/2023\/11\/outros-gradis5-768x1024.jpg\" class=\"\" alt=\"Cerca com gradil\" srcset=\"https:\/\/telasartedovale.com.br\/fatil\/wp-content\/uploads\/2023\/11\/outros-gradis5-768x1024.jpg 768w, https:\/\/telasartedovale.com.br\/fatil\/wp-content\/uploads\/2023\/11\/outros-gradis5-225x300.jpg 225w, https:\/\/telasartedovale.com.br\/fatil\/wp-content\/uploads\/2023\/11\/outros-gradis5-1152x1536.jpg 1152w, https:\/\/telasartedovale.com.br\/fatil\/wp-content\/uploads\/2023\/11\/outros-gradis5.jpg 1200w\" sizes=\"(max-width: 680px) 100vw, 680px\" \/><\/a><\/div><\/div><div class=\"su-image-carousel-item\"><div class=\"su-image-carousel-item-content\"><a href=\"https:\/\/telasartedovale.com.br\/fatil\/wp-content\/uploads\/2023\/11\/estrutura101.jpg\" target=\"_blank\" rel=\"noopener noreferrer\" data-caption=\"Estruturas met\u00e1licas e mezanino\"><img loading=\"lazy\" decoding=\"async\" width=\"680\" height=\"907\" src=\"https:\/\/telasartedovale.com.br\/fatil\/wp-content\/uploads\/2023\/11\/estrutura101-768x1024.jpg\" class=\"\" alt=\"Estruturas met\u00e1licas e mezanino\" srcset=\"https:\/\/telasartedovale.com.br\/fatil\/wp-content\/uploads\/2023\/11\/estrutura101-768x1024.jpg 768w, https:\/\/telasartedovale.com.br\/fatil\/wp-content\/uploads\/2023\/11\/estrutura101-225x300.jpg 225w, https:\/\/telasartedovale.com.br\/fatil\/wp-content\/uploads\/2023\/11\/estrutura101-1152x1536.jpg 1152w, https:\/\/telasartedovale.com.br\/fatil\/wp-content\/uploads\/2023\/11\/estrutura101.jpg 1200w\" sizes=\"(max-width: 680px) 100vw, 680px\" \/><\/a><\/div><\/div><div class=\"su-image-carousel-item\"><div class=\"su-image-carousel-item-content\"><a href=\"https:\/\/telasartedovale.com.br\/fatil\/wp-content\/uploads\/2023\/11\/estrutura90b.jpg\" target=\"_blank\" rel=\"noopener noreferrer\" data-caption=\"Galp\u00e3o e escada\"><img loading=\"lazy\" decoding=\"async\" width=\"680\" height=\"907\" src=\"https:\/\/telasartedovale.com.br\/fatil\/wp-content\/uploads\/2023\/11\/estrutura90b-768x1024.jpg\" class=\"\" alt=\"Galp\u00e3o e escada\" srcset=\"https:\/\/telasartedovale.com.br\/fatil\/wp-content\/uploads\/2023\/11\/estrutura90b-768x1024.jpg 768w, https:\/\/telasartedovale.com.br\/fatil\/wp-content\/uploads\/2023\/11\/estrutura90b-225x300.jpg 225w, https:\/\/telasartedovale.com.br\/fatil\/wp-content\/uploads\/2023\/11\/estrutura90b-1152x1536.jpg 1152w, https:\/\/telasartedovale.com.br\/fatil\/wp-content\/uploads\/2023\/11\/estrutura90b.jpg 1200w\" sizes=\"(max-width: 680px) 100vw, 680px\" \/><\/a><\/div><\/div><div class=\"su-image-carousel-item\"><div class=\"su-image-carousel-item-content\"><a href=\"https:\/\/telasartedovale.com.br\/fatil\/wp-content\/uploads\/2023\/11\/estrutura38.jpg\" target=\"_blank\" rel=\"noopener noreferrer\" data-caption=\"Cobertura met\u00e1lica e vidros\"><img loading=\"lazy\" decoding=\"async\" width=\"680\" height=\"907\" src=\"https:\/\/telasartedovale.com.br\/fatil\/wp-content\/uploads\/2023\/11\/estrutura38-768x1024.jpg\" class=\"\" alt=\"Cobertura met\u00e1lica e vidros\" srcset=\"https:\/\/telasartedovale.com.br\/fatil\/wp-content\/uploads\/2023\/11\/estrutura38-768x1024.jpg 768w, https:\/\/telasartedovale.com.br\/fatil\/wp-content\/uploads\/2023\/11\/estrutura38-225x300.jpg 225w, https:\/\/telasartedovale.com.br\/fatil\/wp-content\/uploads\/2023\/11\/estrutura38-1152x1536.jpg 1152w, https:\/\/telasartedovale.com.br\/fatil\/wp-content\/uploads\/2023\/11\/estrutura38.jpg 1200w\" sizes=\"(max-width: 680px) 100vw, 680px\" \/><\/a><\/div><\/div><\/div><script id=\"su_image_carousel_69da6501530c0_script\">if(window.SUImageCarousel){setTimeout(function() {window.SUImageCarousel.initGallery(document.getElementById(\"su_image_carousel_69da6501530c0\"))}, 0);}var su_image_carousel_69da6501530c0_script=document.getElementById(\"su_image_carousel_69da6501530c0_script\");if(su_image_carousel_69da6501530c0_script){su_image_carousel_69da6501530c0_script.parentNode.removeChild(su_image_carousel_69da6501530c0_script);}<\/script>\n<a href=\"https:\/\/telasartedovale.com.br\/fatil\/contato\/\" class=\"su-button su-button-style-default\" style=\"color:#FFFFFF;background-color:#72B13C;border-color:#5c8e30;border-radius:5px\" target=\"_self\"><span style=\"color:#FFFFFF;padding:6px 16px;font-size:13px;line-height:20px;border-color:#9dc977;border-radius:5px;text-shadow:none\"><i class=\"sui sui-phone-square\" style=\"font-size:13px;color:#FFFFFF\"><\/i> Contato<\/span><\/a> <a href=\"https:\/\/www.youtube.com\/@TelasFatil-TelasArtedoVale\" class=\"su-button su-button-style-default\" style=\"color:#FFFFFF;background-color:#72B13C;border-color:#5c8e30;border-radius:5px\" target=\"__blank\"><span style=\"color:#FFFFFF;padding:6px 16px;font-size:13px;line-height:20px;border-color:#9dc977;border-radius:5px;text-shadow:none\"><i class=\"sui sui-phone-square\" style=\"font-size:13px;color:#FFFFFF\"><\/i> V\u00eddeos<\/span><\/a> <a href=\"https:\/\/www.instagram.com\/telasartedovale\/\" class=\"su-button su-button-style-default\" style=\"color:#FFFFFF;background-color:#72B13C;border-color:#5c8e30;border-radius:5px\" target=\"_self\"><span style=\"color:#FFFFFF;padding:6px 16px;font-size:13px;line-height:20px;border-color:#9dc977;border-radius:5px;text-shadow:none\"><i class=\"sui sui-phone-square\" style=\"font-size:13px;color:#FFFFFF\"><\/i> Instagram<\/span><\/a>\n","protected":false},"excerpt":{"rendered":"<p>Fazemos serralheria sob medida para prote\u00e7\u00e3o e cercamento de \u00e1reas, incluindo:<\/p>\n","protected":false},"author":1,"featured_media":0,"parent":0,"menu_order":0,"comment_status":"closed","ping_status":"closed","template":"","meta":{"footnotes":""},"class_list":["post-756","page","type-page","status-publish","hentry"],"yoast_head":"<!-- This site is optimized with the Yoast SEO plugin v26.7 - https:\/\/yoast.com\/wordpress\/plugins\/seo\/ -->\n<title>Gradis e Port\u00f5es - F\u00e1brica de Telas em Petr\u00f3polis FATIL - ARTE DO VALE<\/title>\n<meta name=\"robots\" content=\"index, follow, max-snippet:-1, max-image-preview:large, max-video-preview:-1\" \/>\n<link rel=\"canonical\" href=\"https:\/\/telasartedovale.com.br\/fatil\/cerca-protecao-e-portoes\/\" \/>\n<meta property=\"og:locale\" content=\"pt_BR\" \/>\n<meta property=\"og:type\" content=\"article\" \/>\n<meta property=\"og:title\" content=\"Gradis e Port\u00f5es - F\u00e1brica de Telas em Petr\u00f3polis FATIL - ARTE DO VALE\" \/>\n<meta property=\"og:description\" content=\"Fazemos serralheria sob medida para prote\u00e7\u00e3o e cercamento de \u00e1reas, incluindo:\" \/>\n<meta property=\"og:url\" content=\"https:\/\/telasartedovale.com.br\/fatil\/cerca-protecao-e-portoes\/\" \/>\n<meta property=\"og:site_name\" content=\"F\u00e1brica de Telas em Petr\u00f3polis FATIL - ARTE DO VALE\" \/>\n<meta property=\"article:modified_time\" content=\"2023-11-27T19:17:07+00:00\" \/>\n<meta name=\"twitter:card\" content=\"summary_large_image\" \/>\n<meta name=\"twitter:label1\" content=\"Est. tempo de leitura\" \/>\n\t<meta name=\"twitter:data1\" content=\"1 minuto\" \/>\n<script type=\"application\/ld+json\" class=\"yoast-schema-graph\">{\"@context\":\"https:\/\/schema.org\",\"@graph\":[{\"@type\":\"WebPage\",\"@id\":\"https:\/\/telasartedovale.com.br\/fatil\/cerca-protecao-e-portoes\/\",\"url\":\"https:\/\/telasartedovale.com.br\/fatil\/cerca-protecao-e-portoes\/\",\"name\":\"Gradis e Port\u00f5es - F\u00e1brica de Telas em Petr\u00f3polis FATIL - ARTE DO VALE\",\"isPartOf\":{\"@id\":\"https:\/\/telasartedovale.com.br\/fatil\/#website\"},\"datePublished\":\"2023-11-26T15:35:12+00:00\",\"dateModified\":\"2023-11-27T19:17:07+00:00\",\"breadcrumb\":{\"@id\":\"https:\/\/telasartedovale.com.br\/fatil\/cerca-protecao-e-portoes\/#breadcrumb\"},\"inLanguage\":\"pt-BR\",\"potentialAction\":[{\"@type\":\"ReadAction\",\"target\":[\"https:\/\/telasartedovale.com.br\/fatil\/cerca-protecao-e-portoes\/\"]}]},{\"@type\":\"BreadcrumbList\",\"@id\":\"https:\/\/telasartedovale.com.br\/fatil\/cerca-protecao-e-portoes\/#breadcrumb\",\"itemListElement\":[{\"@type\":\"ListItem\",\"position\":1,\"name\":\"In\u00edcio\",\"item\":\"https:\/\/telasartedovale.com.br\/fatil\/\"},{\"@type\":\"ListItem\",\"position\":2,\"name\":\"Gradis e Port\u00f5es\"}]},{\"@type\":\"WebSite\",\"@id\":\"https:\/\/telasartedovale.com.br\/fatil\/#website\",\"url\":\"https:\/\/telasartedovale.com.br\/fatil\/\",\"name\":\"F\u00e1brica de Telas em Petr\u00f3polis FATIL - ARTE DO VALE\",\"description\":\"F\u00e1brica de Telas e Serralheria sob medida\",\"publisher\":{\"@id\":\"https:\/\/telasartedovale.com.br\/fatil\/#organization\"},\"potentialAction\":[{\"@type\":\"SearchAction\",\"target\":{\"@type\":\"EntryPoint\",\"urlTemplate\":\"https:\/\/telasartedovale.com.br\/fatil\/?s={search_term_string}\"},\"query-input\":{\"@type\":\"PropertyValueSpecification\",\"valueRequired\":true,\"valueName\":\"search_term_string\"}}],\"inLanguage\":\"pt-BR\"},{\"@type\":\"Organization\",\"@id\":\"https:\/\/telasartedovale.com.br\/fatil\/#organization\",\"name\":\"F\u00e1brica de Telas em Petr\u00f3polis FATIL - ARTE DO VALE\",\"url\":\"https:\/\/telasartedovale.com.br\/fatil\/\",\"logo\":{\"@type\":\"ImageObject\",\"inLanguage\":\"pt-BR\",\"@id\":\"https:\/\/telasartedovale.com.br\/fatil\/#\/schema\/logo\/image\/\",\"url\":\"https:\/\/telasartedovale.com.br\/fatil\/wp-content\/uploads\/2023\/11\/black_site_quadrado.png\",\"contentUrl\":\"https:\/\/telasartedovale.com.br\/fatil\/wp-content\/uploads\/2023\/11\/black_site_quadrado.png\",\"width\":311,\"height\":309,\"caption\":\"F\u00e1brica de Telas em Petr\u00f3polis FATIL - ARTE DO VALE\"},\"image\":{\"@id\":\"https:\/\/telasartedovale.com.br\/fatil\/#\/schema\/logo\/image\/\"}}]}<\/script>\n<!-- \/ Yoast SEO plugin. -->","yoast_head_json":{"title":"Gradis e Port\u00f5es - F\u00e1brica de Telas em Petr\u00f3polis FATIL - ARTE DO VALE","robots":{"index":"index","follow":"follow","max-snippet":"max-snippet:-1","max-image-preview":"max-image-preview:large","max-video-preview":"max-video-preview:-1"},"canonical":"https:\/\/telasartedovale.com.br\/fatil\/cerca-protecao-e-portoes\/","og_locale":"pt_BR","og_type":"article","og_title":"Gradis e Port\u00f5es - F\u00e1brica de Telas em Petr\u00f3polis FATIL - ARTE DO VALE","og_description":"Fazemos serralheria sob medida para prote\u00e7\u00e3o e cercamento de \u00e1reas, incluindo:","og_url":"https:\/\/telasartedovale.com.br\/fatil\/cerca-protecao-e-portoes\/","og_site_name":"F\u00e1brica de Telas em Petr\u00f3polis FATIL - ARTE DO VALE","article_modified_time":"2023-11-27T19:17:07+00:00","twitter_card":"summary_large_image","twitter_misc":{"Est. tempo de leitura":"1 minuto"},"schema":{"@context":"https:\/\/schema.org","@graph":[{"@type":"WebPage","@id":"https:\/\/telasartedovale.com.br\/fatil\/cerca-protecao-e-portoes\/","url":"https:\/\/telasartedovale.com.br\/fatil\/cerca-protecao-e-portoes\/","name":"Gradis e Port\u00f5es - F\u00e1brica de Telas em Petr\u00f3polis FATIL - ARTE DO VALE","isPartOf":{"@id":"https:\/\/telasartedovale.com.br\/fatil\/#website"},"datePublished":"2023-11-26T15:35:12+00:00","dateModified":"2023-11-27T19:17:07+00:00","breadcrumb":{"@id":"https:\/\/telasartedovale.com.br\/fatil\/cerca-protecao-e-portoes\/#breadcrumb"},"inLanguage":"pt-BR","potentialAction":[{"@type":"ReadAction","target":["https:\/\/telasartedovale.com.br\/fatil\/cerca-protecao-e-portoes\/"]}]},{"@type":"BreadcrumbList","@id":"https:\/\/telasartedovale.com.br\/fatil\/cerca-protecao-e-portoes\/#breadcrumb","itemListElement":[{"@type":"ListItem","position":1,"name":"In\u00edcio","item":"https:\/\/telasartedovale.com.br\/fatil\/"},{"@type":"ListItem","position":2,"name":"Gradis e Port\u00f5es"}]},{"@type":"WebSite","@id":"https:\/\/telasartedovale.com.br\/fatil\/#website","url":"https:\/\/telasartedovale.com.br\/fatil\/","name":"F\u00e1brica de Telas em Petr\u00f3polis FATIL - ARTE DO VALE","description":"F\u00e1brica de Telas e Serralheria sob medida","publisher":{"@id":"https:\/\/telasartedovale.com.br\/fatil\/#organization"},"potentialAction":[{"@type":"SearchAction","target":{"@type":"EntryPoint","urlTemplate":"https:\/\/telasartedovale.com.br\/fatil\/?s={search_term_string}"},"query-input":{"@type":"PropertyValueSpecification","valueRequired":true,"valueName":"search_term_string"}}],"inLanguage":"pt-BR"},{"@type":"Organization","@id":"https:\/\/telasartedovale.com.br\/fatil\/#organization","name":"F\u00e1brica de Telas em Petr\u00f3polis FATIL - ARTE DO VALE","url":"https:\/\/telasartedovale.com.br\/fatil\/","logo":{"@type":"ImageObject","inLanguage":"pt-BR","@id":"https:\/\/telasartedovale.com.br\/fatil\/#\/schema\/logo\/image\/","url":"https:\/\/telasartedovale.com.br\/fatil\/wp-content\/uploads\/2023\/11\/black_site_quadrado.png","contentUrl":"https:\/\/telasartedovale.com.br\/fatil\/wp-content\/uploads\/2023\/11\/black_site_quadrado.png","width":311,"height":309,"caption":"F\u00e1brica de Telas em Petr\u00f3polis FATIL - ARTE DO VALE"},"image":{"@id":"https:\/\/telasartedovale.com.br\/fatil\/#\/schema\/logo\/image\/"}}]}},"_links":{"self":[{"href":"https:\/\/telasartedovale.com.br\/fatil\/wp-json\/wp\/v2\/pages\/756","targetHints":{"allow":["GET"]}}],"collection":[{"href":"https:\/\/telasartedovale.com.br\/fatil\/wp-json\/wp\/v2\/pages"}],"about":[{"href":"https:\/\/telasartedovale.com.br\/fatil\/wp-json\/wp\/v2\/types\/page"}],"author":[{"embeddable":true,"href":"https:\/\/telasartedovale.com.br\/fatil\/wp-json\/wp\/v2\/users\/1"}],"replies":[{"embeddable":true,"href":"https:\/\/telasartedovale.com.br\/fatil\/wp-json\/wp\/v2\/comments?post=756"}],"version-history":[{"count":7,"href":"https:\/\/telasartedovale.com.br\/fatil\/wp-json\/wp\/v2\/pages\/756\/revisions"}],"predecessor-version":[{"id":988,"href":"https:\/\/telasartedovale.com.br\/fatil\/wp-json\/wp\/v2\/pages\/756\/revisions\/988"}],"wp:attachment":[{"href":"https:\/\/telasartedovale.com.br\/fatil\/wp-json\/wp\/v2\/media?parent=756"}],"curies":[{"name":"wp","href":"https:\/\/api.w.org\/{rel}","templated":true}]}}