{"id":875,"date":"2023-11-27T10:54:03","date_gmt":"2023-11-27T13:54:03","guid":{"rendered":"https:\/\/telasartedovale.com.br\/fatil\/?page_id=875"},"modified":"2023-11-27T18:16:51","modified_gmt":"2023-11-27T21:16:51","slug":"telas-plasticas","status":"publish","type":"page","link":"https:\/\/telasartedovale.com.br\/fatil\/telas-plasticas\/","title":{"rendered":"Telas Pl\u00e1sticas"},"content":{"rendered":"<p>A <strong>Tela Pl\u00e1stica <\/strong>da <strong>Telas Fatil &#8211; Telas Arte do Vale<\/strong>, \u00e9 muito utilizada em diversas finalidades de constru\u00e7\u00e3o civil.<\/p>\n<div class=\"su-image-carousel  su-image-carousel-has-spacing su-image-carousel-crop su-image-carousel-crop-4-3 su-image-carousel-has-lightbox su-image-carousel-has-outline su-image-carousel-adaptive su-image-carousel-slides-style-default su-image-carousel-controls-style-dark su-image-carousel-align-none\" style=\"\" data-flickity-options='{\"groupCells\":true,\"cellSelector\":\".su-image-carousel-item\",\"adaptiveHeight\":false,\"cellAlign\":\"left\",\"prevNextButtons\":true,\"pageDots\":false,\"autoPlay\":5000,\"imagesLoaded\":true,\"contain\":true,\"selectedAttraction\":0.025000000000000001387778780781445675529539585113525390625,\"friction\":0.2800000000000000266453525910037569701671600341796875}' id=\"su_image_carousel_69da650b270ab\"><div class=\"su-image-carousel-item\"><div class=\"su-image-carousel-item-content\"><a href=\"https:\/\/telasartedovale.com.br\/fatil\/wp-content\/uploads\/2023\/11\/estrutura2.jpg\" target=\"_blank\" rel=\"noopener noreferrer\" data-caption=\"Tela e Estrutura met\u00e1lica\"><img fetchpriority=\"high\" decoding=\"async\" width=\"680\" height=\"907\" src=\"https:\/\/telasartedovale.com.br\/fatil\/wp-content\/uploads\/2023\/11\/estrutura2-768x1024.jpg\" class=\"\" alt=\"Tela e Estrutura met\u00e1lica\" srcset=\"https:\/\/telasartedovale.com.br\/fatil\/wp-content\/uploads\/2023\/11\/estrutura2-768x1024.jpg 768w, https:\/\/telasartedovale.com.br\/fatil\/wp-content\/uploads\/2023\/11\/estrutura2-225x300.jpg 225w, https:\/\/telasartedovale.com.br\/fatil\/wp-content\/uploads\/2023\/11\/estrutura2-1152x1536.jpg 1152w, https:\/\/telasartedovale.com.br\/fatil\/wp-content\/uploads\/2023\/11\/estrutura2.jpg 1200w\" sizes=\"(max-width: 680px) 100vw, 680px\" \/><\/a><\/div><\/div><div class=\"su-image-carousel-item\"><div class=\"su-image-carousel-item-content\"><a href=\"https:\/\/telasartedovale.com.br\/fatil\/wp-content\/uploads\/2023\/11\/tela10.jpg\" target=\"_blank\" rel=\"noopener noreferrer\" data-caption=\"Cerca Alambrado\"><img decoding=\"async\" width=\"680\" height=\"907\" src=\"https:\/\/telasartedovale.com.br\/fatil\/wp-content\/uploads\/2023\/11\/tela10-768x1024.jpg\" class=\"\" alt=\"Cerca Alambrado\" srcset=\"https:\/\/telasartedovale.com.br\/fatil\/wp-content\/uploads\/2023\/11\/tela10-768x1024.jpg 768w, https:\/\/telasartedovale.com.br\/fatil\/wp-content\/uploads\/2023\/11\/tela10-225x300.jpg 225w, https:\/\/telasartedovale.com.br\/fatil\/wp-content\/uploads\/2023\/11\/tela10-1152x1536.jpg 1152w, https:\/\/telasartedovale.com.br\/fatil\/wp-content\/uploads\/2023\/11\/tela10.jpg 1200w\" sizes=\"(max-width: 680px) 100vw, 680px\" \/><\/a><\/div><\/div><div class=\"su-image-carousel-item\"><div class=\"su-image-carousel-item-content\"><a href=\"https:\/\/telasartedovale.com.br\/fatil\/wp-content\/uploads\/2023\/11\/outros-gradis6.jpg\" target=\"_blank\" rel=\"noopener noreferrer\" data-caption=\"Cerca com gradil\"><img decoding=\"async\" width=\"680\" height=\"907\" src=\"https:\/\/telasartedovale.com.br\/fatil\/wp-content\/uploads\/2023\/11\/outros-gradis6-768x1024.jpg\" class=\"\" alt=\"Cerca com gradil\" srcset=\"https:\/\/telasartedovale.com.br\/fatil\/wp-content\/uploads\/2023\/11\/outros-gradis6-768x1024.jpg 768w, https:\/\/telasartedovale.com.br\/fatil\/wp-content\/uploads\/2023\/11\/outros-gradis6-225x300.jpg 225w, https:\/\/telasartedovale.com.br\/fatil\/wp-content\/uploads\/2023\/11\/outros-gradis6-1152x1536.jpg 1152w, https:\/\/telasartedovale.com.br\/fatil\/wp-content\/uploads\/2023\/11\/outros-gradis6.jpg 1200w\" sizes=\"(max-width: 680px) 100vw, 680px\" \/><\/a><\/div><\/div><div class=\"su-image-carousel-item\"><div class=\"su-image-carousel-item-content\"><a href=\"https:\/\/telasartedovale.com.br\/fatil\/wp-content\/uploads\/2023\/11\/outros-gradis5.jpg\" target=\"_blank\" rel=\"noopener noreferrer\" data-caption=\"Cerca com gradil\"><img loading=\"lazy\" decoding=\"async\" width=\"680\" height=\"907\" src=\"https:\/\/telasartedovale.com.br\/fatil\/wp-content\/uploads\/2023\/11\/outros-gradis5-768x1024.jpg\" class=\"\" alt=\"Cerca com gradil\" srcset=\"https:\/\/telasartedovale.com.br\/fatil\/wp-content\/uploads\/2023\/11\/outros-gradis5-768x1024.jpg 768w, https:\/\/telasartedovale.com.br\/fatil\/wp-content\/uploads\/2023\/11\/outros-gradis5-225x300.jpg 225w, https:\/\/telasartedovale.com.br\/fatil\/wp-content\/uploads\/2023\/11\/outros-gradis5-1152x1536.jpg 1152w, https:\/\/telasartedovale.com.br\/fatil\/wp-content\/uploads\/2023\/11\/outros-gradis5.jpg 1200w\" sizes=\"(max-width: 680px) 100vw, 680px\" \/><\/a><\/div><\/div><div class=\"su-image-carousel-item\"><div class=\"su-image-carousel-item-content\"><a href=\"https:\/\/telasartedovale.com.br\/fatil\/wp-content\/uploads\/2023\/11\/outros-gradis8.jpg\" target=\"_blank\" rel=\"noopener noreferrer\" data-caption=\"Cerca com gradil\"><img loading=\"lazy\" decoding=\"async\" width=\"680\" height=\"907\" src=\"https:\/\/telasartedovale.com.br\/fatil\/wp-content\/uploads\/2023\/11\/outros-gradis8-768x1024.jpg\" class=\"\" alt=\"Cerca com gradil\" srcset=\"https:\/\/telasartedovale.com.br\/fatil\/wp-content\/uploads\/2023\/11\/outros-gradis8-768x1024.jpg 768w, https:\/\/telasartedovale.com.br\/fatil\/wp-content\/uploads\/2023\/11\/outros-gradis8-225x300.jpg 225w, https:\/\/telasartedovale.com.br\/fatil\/wp-content\/uploads\/2023\/11\/outros-gradis8-1152x1536.jpg 1152w, https:\/\/telasartedovale.com.br\/fatil\/wp-content\/uploads\/2023\/11\/outros-gradis8.jpg 1200w\" sizes=\"(max-width: 680px) 100vw, 680px\" \/><\/a><\/div><\/div><div class=\"su-image-carousel-item\"><div class=\"su-image-carousel-item-content\"><a href=\"https:\/\/telasartedovale.com.br\/fatil\/wp-content\/uploads\/2023\/11\/outros-gradis1.jpg\" target=\"_blank\" rel=\"noopener noreferrer\" data-caption=\"Cerca tela com gradil\"><img loading=\"lazy\" decoding=\"async\" width=\"680\" height=\"510\" src=\"https:\/\/telasartedovale.com.br\/fatil\/wp-content\/uploads\/2023\/11\/outros-gradis1-1024x768.jpg\" class=\"\" alt=\"Cerca com gradil\" srcset=\"https:\/\/telasartedovale.com.br\/fatil\/wp-content\/uploads\/2023\/11\/outros-gradis1-1024x768.jpg 1024w, https:\/\/telasartedovale.com.br\/fatil\/wp-content\/uploads\/2023\/11\/outros-gradis1-300x225.jpg 300w, https:\/\/telasartedovale.com.br\/fatil\/wp-content\/uploads\/2023\/11\/outros-gradis1-768x576.jpg 768w, https:\/\/telasartedovale.com.br\/fatil\/wp-content\/uploads\/2023\/11\/outros-gradis1-1536x1152.jpg 1536w, https:\/\/telasartedovale.com.br\/fatil\/wp-content\/uploads\/2023\/11\/outros-gradis1.jpg 1600w\" sizes=\"(max-width: 680px) 100vw, 680px\" \/><\/a><\/div><\/div><div class=\"su-image-carousel-item\"><div class=\"su-image-carousel-item-content\"><a href=\"https:\/\/telasartedovale.com.br\/fatil\/wp-content\/uploads\/2023\/11\/outros-gradis4.jpg\" target=\"_blank\" rel=\"noopener noreferrer\" data-caption=\"Cerca com gradil\"><img loading=\"lazy\" decoding=\"async\" width=\"680\" height=\"907\" src=\"https:\/\/telasartedovale.com.br\/fatil\/wp-content\/uploads\/2023\/11\/outros-gradis4-768x1024.jpg\" class=\"\" alt=\"Cerca com gradil\" srcset=\"https:\/\/telasartedovale.com.br\/fatil\/wp-content\/uploads\/2023\/11\/outros-gradis4-768x1024.jpg 768w, https:\/\/telasartedovale.com.br\/fatil\/wp-content\/uploads\/2023\/11\/outros-gradis4-225x300.jpg 225w, https:\/\/telasartedovale.com.br\/fatil\/wp-content\/uploads\/2023\/11\/outros-gradis4-1152x1536.jpg 1152w, https:\/\/telasartedovale.com.br\/fatil\/wp-content\/uploads\/2023\/11\/outros-gradis4.jpg 1200w\" sizes=\"(max-width: 680px) 100vw, 680px\" \/><\/a><\/div><\/div><div class=\"su-image-carousel-item\"><div class=\"su-image-carousel-item-content\"><a href=\"https:\/\/telasartedovale.com.br\/fatil\/wp-content\/uploads\/2023\/11\/guardacorpo1.jpg\" target=\"_blank\" rel=\"noopener noreferrer\" data-caption=\"Gradil e guarda-corpo\"><img loading=\"lazy\" decoding=\"async\" width=\"680\" height=\"907\" src=\"https:\/\/telasartedovale.com.br\/fatil\/wp-content\/uploads\/2023\/11\/guardacorpo1-768x1024.jpg\" class=\"\" alt=\"Gradil e guarda-corpo\" srcset=\"https:\/\/telasartedovale.com.br\/fatil\/wp-content\/uploads\/2023\/11\/guardacorpo1-768x1024.jpg 768w, https:\/\/telasartedovale.com.br\/fatil\/wp-content\/uploads\/2023\/11\/guardacorpo1-225x300.jpg 225w, https:\/\/telasartedovale.com.br\/fatil\/wp-content\/uploads\/2023\/11\/guardacorpo1-1152x1536.jpg 1152w, https:\/\/telasartedovale.com.br\/fatil\/wp-content\/uploads\/2023\/11\/guardacorpo1.jpg 1200w\" sizes=\"(max-width: 680px) 100vw, 680px\" \/><\/a><\/div><\/div><\/div><script id=\"su_image_carousel_69da650b270ab_script\">if(window.SUImageCarousel){setTimeout(function() {window.SUImageCarousel.initGallery(document.getElementById(\"su_image_carousel_69da650b270ab\"))}, 0);}var su_image_carousel_69da650b270ab_script=document.getElementById(\"su_image_carousel_69da650b270ab_script\");if(su_image_carousel_69da650b270ab_script){su_image_carousel_69da650b270ab_script.parentNode.removeChild(su_image_carousel_69da650b270ab_script);}<\/script>\n<div class=\"su-note\"  style=\"border-color:#dcdcdc;border-radius:3px;-moz-border-radius:3px;-webkit-border-radius:3px;\"><div class=\"su-note-inner su-u-clearfix su-u-trim\" style=\"background-color:#f6f6f6;border-color:#ffffff;color:#333333;border-radius:3px;-moz-border-radius:3px;-webkit-border-radius:3px;\">\n<h3>Saiba Mais &#8211; Telas Ciranda:<\/h3>\n<p><b>Principais aplica\u00e7\u00f5es:<\/b><br \/>\n\u2013 na constru\u00e7\u00e3o civil , como tela de prote\u00e7\u00e3o de chapisco e embo\u00e7o de muros e paredes, prote\u00e7\u00e3o em andaimes , prote\u00e7\u00e3o de encostas e barrancos e ainda em jardinagem e hortas, dentre outras utiliza\u00e7\u00f5es.<\/p>\n<p><strong>Op\u00e7\u00f5es<\/strong>:<br \/>\nTela em material pl\u00e1stico.<\/p>\n<p><strong>Apresenta\u00e7\u00e3o:<\/strong><br \/>\nRolos com 1m x 1m Rolos com comprimento conforme solicitado pelo cliente<\/p>\n<\/div><\/div>\n<a href=\"https:\/\/telasartedovale.com.br\/fatil\/contato\/\" class=\"su-button su-button-style-default\" style=\"color:#FFFFFF;background-color:#72B13C;border-color:#5c8e30;border-radius:5px\" target=\"_self\"><span style=\"color:#FFFFFF;padding:6px 16px;font-size:13px;line-height:20px;border-color:#9dc977;border-radius:5px;text-shadow:none\"><i class=\"sui sui-phone-square\" style=\"font-size:13px;color:#FFFFFF\"><\/i> Contato<\/span><\/a> <a href=\"https:\/\/www.youtube.com\/@TelasFatil-TelasArtedoVale\" class=\"su-button su-button-style-default\" style=\"color:#FFFFFF;background-color:#72B13C;border-color:#5c8e30;border-radius:5px\" target=\"__blank\"><span style=\"color:#FFFFFF;padding:6px 16px;font-size:13px;line-height:20px;border-color:#9dc977;border-radius:5px;text-shadow:none\"><i class=\"sui sui-phone-square\" style=\"font-size:13px;color:#FFFFFF\"><\/i> V\u00eddeos<\/span><\/a> <a href=\"https:\/\/www.instagram.com\/telasartedovale\/\" class=\"su-button su-button-style-default\" style=\"color:#FFFFFF;background-color:#72B13C;border-color:#5c8e30;border-radius:5px\" target=\"_self\"><span style=\"color:#FFFFFF;padding:6px 16px;font-size:13px;line-height:20px;border-color:#9dc977;border-radius:5px;text-shadow:none\"><i class=\"sui sui-phone-square\" style=\"font-size:13px;color:#FFFFFF\"><\/i> Instagram<\/span><\/a>\n","protected":false},"excerpt":{"rendered":"<p>A Tela Pl\u00e1stica da Telas Fatil &#8211; Telas Arte do Vale, \u00e9 muito utilizada em diversas finalidades de constru\u00e7\u00e3o civil.<\/p>\n","protected":false},"author":1,"featured_media":0,"parent":0,"menu_order":0,"comment_status":"closed","ping_status":"closed","template":"","meta":{"footnotes":""},"class_list":["post-875","page","type-page","status-publish","hentry"],"yoast_head":"<!-- This site is optimized with the Yoast SEO plugin v26.7 - https:\/\/yoast.com\/wordpress\/plugins\/seo\/ -->\n<title>Telas Pl\u00e1sticas - F\u00e1brica de Telas em Petr\u00f3polis FATIL - ARTE DO VALE<\/title>\n<meta name=\"robots\" content=\"index, follow, max-snippet:-1, max-image-preview:large, max-video-preview:-1\" \/>\n<link rel=\"canonical\" href=\"https:\/\/telasartedovale.com.br\/fatil\/telas-plasticas\/\" \/>\n<meta property=\"og:locale\" content=\"pt_BR\" \/>\n<meta property=\"og:type\" content=\"article\" \/>\n<meta property=\"og:title\" content=\"Telas Pl\u00e1sticas - F\u00e1brica de Telas em Petr\u00f3polis FATIL - ARTE DO VALE\" \/>\n<meta property=\"og:description\" content=\"A Tela Pl\u00e1stica da Telas Fatil &#8211; Telas Arte do Vale, \u00e9 muito utilizada em diversas finalidades de constru\u00e7\u00e3o civil.\" \/>\n<meta property=\"og:url\" content=\"https:\/\/telasartedovale.com.br\/fatil\/telas-plasticas\/\" \/>\n<meta property=\"og:site_name\" content=\"F\u00e1brica de Telas em Petr\u00f3polis FATIL - ARTE DO VALE\" \/>\n<meta property=\"article:modified_time\" content=\"2023-11-27T21:16:51+00:00\" \/>\n<meta name=\"twitter:card\" content=\"summary_large_image\" \/>\n<meta name=\"twitter:label1\" content=\"Est. tempo de leitura\" \/>\n\t<meta name=\"twitter:data1\" content=\"1 minuto\" \/>\n<script type=\"application\/ld+json\" class=\"yoast-schema-graph\">{\"@context\":\"https:\/\/schema.org\",\"@graph\":[{\"@type\":\"WebPage\",\"@id\":\"https:\/\/telasartedovale.com.br\/fatil\/telas-plasticas\/\",\"url\":\"https:\/\/telasartedovale.com.br\/fatil\/telas-plasticas\/\",\"name\":\"Telas Pl\u00e1sticas - F\u00e1brica de Telas em Petr\u00f3polis FATIL - ARTE DO VALE\",\"isPartOf\":{\"@id\":\"https:\/\/telasartedovale.com.br\/fatil\/#website\"},\"datePublished\":\"2023-11-27T13:54:03+00:00\",\"dateModified\":\"2023-11-27T21:16:51+00:00\",\"breadcrumb\":{\"@id\":\"https:\/\/telasartedovale.com.br\/fatil\/telas-plasticas\/#breadcrumb\"},\"inLanguage\":\"pt-BR\",\"potentialAction\":[{\"@type\":\"ReadAction\",\"target\":[\"https:\/\/telasartedovale.com.br\/fatil\/telas-plasticas\/\"]}]},{\"@type\":\"BreadcrumbList\",\"@id\":\"https:\/\/telasartedovale.com.br\/fatil\/telas-plasticas\/#breadcrumb\",\"itemListElement\":[{\"@type\":\"ListItem\",\"position\":1,\"name\":\"In\u00edcio\",\"item\":\"https:\/\/telasartedovale.com.br\/fatil\/\"},{\"@type\":\"ListItem\",\"position\":2,\"name\":\"Telas Pl\u00e1sticas\"}]},{\"@type\":\"WebSite\",\"@id\":\"https:\/\/telasartedovale.com.br\/fatil\/#website\",\"url\":\"https:\/\/telasartedovale.com.br\/fatil\/\",\"name\":\"F\u00e1brica de Telas em Petr\u00f3polis FATIL - ARTE DO VALE\",\"description\":\"F\u00e1brica de Telas e Serralheria sob medida\",\"publisher\":{\"@id\":\"https:\/\/telasartedovale.com.br\/fatil\/#organization\"},\"potentialAction\":[{\"@type\":\"SearchAction\",\"target\":{\"@type\":\"EntryPoint\",\"urlTemplate\":\"https:\/\/telasartedovale.com.br\/fatil\/?s={search_term_string}\"},\"query-input\":{\"@type\":\"PropertyValueSpecification\",\"valueRequired\":true,\"valueName\":\"search_term_string\"}}],\"inLanguage\":\"pt-BR\"},{\"@type\":\"Organization\",\"@id\":\"https:\/\/telasartedovale.com.br\/fatil\/#organization\",\"name\":\"F\u00e1brica de Telas em Petr\u00f3polis FATIL - ARTE DO VALE\",\"url\":\"https:\/\/telasartedovale.com.br\/fatil\/\",\"logo\":{\"@type\":\"ImageObject\",\"inLanguage\":\"pt-BR\",\"@id\":\"https:\/\/telasartedovale.com.br\/fatil\/#\/schema\/logo\/image\/\",\"url\":\"https:\/\/telasartedovale.com.br\/fatil\/wp-content\/uploads\/2023\/11\/black_site_quadrado.png\",\"contentUrl\":\"https:\/\/telasartedovale.com.br\/fatil\/wp-content\/uploads\/2023\/11\/black_site_quadrado.png\",\"width\":311,\"height\":309,\"caption\":\"F\u00e1brica de Telas em Petr\u00f3polis FATIL - ARTE DO VALE\"},\"image\":{\"@id\":\"https:\/\/telasartedovale.com.br\/fatil\/#\/schema\/logo\/image\/\"}}]}<\/script>\n<!-- \/ Yoast SEO plugin. -->","yoast_head_json":{"title":"Telas Pl\u00e1sticas - F\u00e1brica de Telas em Petr\u00f3polis FATIL - ARTE DO VALE","robots":{"index":"index","follow":"follow","max-snippet":"max-snippet:-1","max-image-preview":"max-image-preview:large","max-video-preview":"max-video-preview:-1"},"canonical":"https:\/\/telasartedovale.com.br\/fatil\/telas-plasticas\/","og_locale":"pt_BR","og_type":"article","og_title":"Telas Pl\u00e1sticas - F\u00e1brica de Telas em Petr\u00f3polis FATIL - ARTE DO VALE","og_description":"A Tela Pl\u00e1stica da Telas Fatil &#8211; Telas Arte do Vale, \u00e9 muito utilizada em diversas finalidades de constru\u00e7\u00e3o civil.","og_url":"https:\/\/telasartedovale.com.br\/fatil\/telas-plasticas\/","og_site_name":"F\u00e1brica de Telas em Petr\u00f3polis FATIL - ARTE DO VALE","article_modified_time":"2023-11-27T21:16:51+00:00","twitter_card":"summary_large_image","twitter_misc":{"Est. tempo de leitura":"1 minuto"},"schema":{"@context":"https:\/\/schema.org","@graph":[{"@type":"WebPage","@id":"https:\/\/telasartedovale.com.br\/fatil\/telas-plasticas\/","url":"https:\/\/telasartedovale.com.br\/fatil\/telas-plasticas\/","name":"Telas Pl\u00e1sticas - F\u00e1brica de Telas em Petr\u00f3polis FATIL - ARTE DO VALE","isPartOf":{"@id":"https:\/\/telasartedovale.com.br\/fatil\/#website"},"datePublished":"2023-11-27T13:54:03+00:00","dateModified":"2023-11-27T21:16:51+00:00","breadcrumb":{"@id":"https:\/\/telasartedovale.com.br\/fatil\/telas-plasticas\/#breadcrumb"},"inLanguage":"pt-BR","potentialAction":[{"@type":"ReadAction","target":["https:\/\/telasartedovale.com.br\/fatil\/telas-plasticas\/"]}]},{"@type":"BreadcrumbList","@id":"https:\/\/telasartedovale.com.br\/fatil\/telas-plasticas\/#breadcrumb","itemListElement":[{"@type":"ListItem","position":1,"name":"In\u00edcio","item":"https:\/\/telasartedovale.com.br\/fatil\/"},{"@type":"ListItem","position":2,"name":"Telas Pl\u00e1sticas"}]},{"@type":"WebSite","@id":"https:\/\/telasartedovale.com.br\/fatil\/#website","url":"https:\/\/telasartedovale.com.br\/fatil\/","name":"F\u00e1brica de Telas em Petr\u00f3polis FATIL - ARTE DO VALE","description":"F\u00e1brica de Telas e Serralheria sob medida","publisher":{"@id":"https:\/\/telasartedovale.com.br\/fatil\/#organization"},"potentialAction":[{"@type":"SearchAction","target":{"@type":"EntryPoint","urlTemplate":"https:\/\/telasartedovale.com.br\/fatil\/?s={search_term_string}"},"query-input":{"@type":"PropertyValueSpecification","valueRequired":true,"valueName":"search_term_string"}}],"inLanguage":"pt-BR"},{"@type":"Organization","@id":"https:\/\/telasartedovale.com.br\/fatil\/#organization","name":"F\u00e1brica de Telas em Petr\u00f3polis FATIL - ARTE DO VALE","url":"https:\/\/telasartedovale.com.br\/fatil\/","logo":{"@type":"ImageObject","inLanguage":"pt-BR","@id":"https:\/\/telasartedovale.com.br\/fatil\/#\/schema\/logo\/image\/","url":"https:\/\/telasartedovale.com.br\/fatil\/wp-content\/uploads\/2023\/11\/black_site_quadrado.png","contentUrl":"https:\/\/telasartedovale.com.br\/fatil\/wp-content\/uploads\/2023\/11\/black_site_quadrado.png","width":311,"height":309,"caption":"F\u00e1brica de Telas em Petr\u00f3polis FATIL - ARTE DO VALE"},"image":{"@id":"https:\/\/telasartedovale.com.br\/fatil\/#\/schema\/logo\/image\/"}}]}},"_links":{"self":[{"href":"https:\/\/telasartedovale.com.br\/fatil\/wp-json\/wp\/v2\/pages\/875","targetHints":{"allow":["GET"]}}],"collection":[{"href":"https:\/\/telasartedovale.com.br\/fatil\/wp-json\/wp\/v2\/pages"}],"about":[{"href":"https:\/\/telasartedovale.com.br\/fatil\/wp-json\/wp\/v2\/types\/page"}],"author":[{"embeddable":true,"href":"https:\/\/telasartedovale.com.br\/fatil\/wp-json\/wp\/v2\/users\/1"}],"replies":[{"embeddable":true,"href":"https:\/\/telasartedovale.com.br\/fatil\/wp-json\/wp\/v2\/comments?post=875"}],"version-history":[{"count":10,"href":"https:\/\/telasartedovale.com.br\/fatil\/wp-json\/wp\/v2\/pages\/875\/revisions"}],"predecessor-version":[{"id":1028,"href":"https:\/\/telasartedovale.com.br\/fatil\/wp-json\/wp\/v2\/pages\/875\/revisions\/1028"}],"wp:attachment":[{"href":"https:\/\/telasartedovale.com.br\/fatil\/wp-json\/wp\/v2\/media?parent=875"}],"curies":[{"name":"wp","href":"https:\/\/api.w.org\/{rel}","templated":true}]}}